{"id":1503,"date":"2021-09-29T14:35:08","date_gmt":"2021-09-29T14:35:08","guid":{"rendered":"https:\/\/www.skb.tu-berlin.de\/contao\/?page_id=1503"},"modified":"2025-10-10T13:20:49","modified_gmt":"2025-10-10T11:20:49","slug":"internship-and-work-2","status":"publish","type":"page","link":"https:\/\/www.skb.tu-berlin.de\/en\/uber-the-skb\/internship-and-work-2\/","title":{"rendered":"Work with us"},"content":{"rendered":"<p>[et_pb_section fb_built=&#8220;1&#8243; _builder_version=&#8220;4.16&#8243; _module_preset=&#8220;default&#8220; custom_padding=&#8220;0px||||false|false&#8220; collapsed=&#8220;off&#8220; global_colors_info=&#8220;{}&#8220;][et_pb_row admin_label=&#8220;Zeile&#8220; _builder_version=&#8220;4.25.2&#8243; _module_preset=&#8220;default&#8220; custom_padding=&#8220;40px||||false|false&#8220; global_module=&#8220;240&#8243; saved_tabs=&#8220;all&#8220; collapsed=&#8220;off&#8220; global_colors_info=&#8220;{}&#8220;][et_pb_column type=&#8220;4_4&#8243; _builder_version=&#8220;4.16&#8243; _module_preset=&#8220;default&#8220; global_colors_info=&#8220;{}&#8220;][lwp_divi_breadcrumbs home_text=&#8220;SKB&#8220; font_icon=&#8220;&#x35;||divi||400&#8243; link_color=&#8220;#797979&#8243; separator_color=&#8220;#797979&#8243; current_text_color=&#8220;#797979&#8243; _builder_version=&#8220;4.16&#8243; _module_preset=&#8220;default&#8220; global_colors_info=&#8220;{}&#8220; link_color__hover_enabled=&#8220;on|desktop&#8220; link_color__hover=&#8220;#009BD1&#8243;][\/lwp_divi_breadcrumbs][\/et_pb_column][\/et_pb_row][et_pb_row module_class=&#8220;sm&#8220; _builder_version=&#8220;4.16&#8243; _module_preset=&#8220;default&#8220; max_width=&#8220;992px&#8220; global_colors_info=&#8220;{}&#8220;][et_pb_column type=&#8220;4_4&#8243; _builder_version=&#8220;4.16&#8243; _module_preset=&#8220;default&#8220; global_colors_info=&#8220;{}&#8220;][et_pb_text admin_label=&#8220;Title&#8220; _builder_version=&#8220;4.23.2&#8243; _dynamic_attributes=&#8220;content&#8220; _module_preset=&#8220;default&#8220; custom_margin=&#8220;||24px||false|false&#8220; custom_margin_tablet=&#8220;||30px||false|false&#8220; custom_margin_phone=&#8220;&#8220; custom_margin_last_edited=&#8220;on|desktop&#8220; custom_padding=&#8220;||0px|||&#8220; global_colors_info=&#8220;{}&#8220;]@ET-DC@eyJkeW5hbWljIjp0cnVlLCJjb250ZW50IjoicG9zdF90aXRsZSIsInNldHRpbmdzIjp7ImJlZm9yZSI6IjxoMT4iLCJhZnRlciI6IjwvaDE+In19@[\/et_pb_text][et_pb_text admin_label=&#8220;Wenn du -Text&#8220; _builder_version=&#8220;4.27.4&#8243; _module_preset=&#8220;default&#8220; custom_margin=&#8220;||47px||false|false&#8220; custom_margin_tablet=&#8220;||30px||false|false&#8220; custom_margin_phone=&#8220;&#8220; custom_margin_last_edited=&#8220;on|desktop&#8220; hover_enabled=&#8220;0&#8243; global_colors_info=&#8220;{}&#8220; sticky_enabled=&#8220;0&#8243;]<\/p>\n<article class=\"text-token-text-primary w-full focus:outline-none [--shadow-height:45px] has-data-writing-block:pointer-events-none has-data-writing-block:-mt-(--shadow-height) has-data-writing-block:pt-(--shadow-height) [&amp;:has([data-writing-block])&gt;*]:pointer-events-auto [content-visibility:auto] supports-[content-visibility:auto]:[contain-intrinsic-size:auto_100lvh] scroll-mt-[calc(var(--header-height)+min(200px,max(70px,20svh)))]\" dir=\"auto\" data-turn-id=\"request-WEB:e26a11e8-356f-4a7c-a98b-1e5058726a9b-0\" data-testid=\"conversation-turn-2\" data-scroll-anchor=\"false\" data-turn=\"assistant\" tabindex=\"-1\">\n<h5 class=\"sr-only\"><span style=\"color: #ff0000;\">Wir pausieren derzeit das Praktikum, daher nehmen wir momentan keine Anmeldungen entgegen. Vielen Dank f\u00fcr dein Verst\u00e4ndnis!<\/span><\/h5>\n<p><span style=\"color: #ff0000;\"><\/span><\/p>\n<p><span style=\"color: #ff0000;\"><\/span><\/p>\n<\/article>\n<p>Wenn du SKB-Mitglied werden und an der SKB freiberuflich mitarbeiten m\u00f6chtest, musst du zuerst ein Praktikum bei uns machen. Das Praktikum dauert drei Monate. Du solltest durchschnittlich mit einem Zeitaufwand von ca. 8\u00a0 Stunden pro Woche rechnen, die du dir aber zu einem gro\u00dfen Teil frei einteilen kannst. W\u00e4hrend deines Praktikums musst du eingeschriebene*r Student*in sein. Leider k\u00f6nnen wir das Praktikum nicht verg\u00fcten.<\/p>\n<p>After successful completion of your internship, you will be welcomed as an SKB member and can work at the SKB on a freelance basis.<\/p>\n<p>[\/et_pb_text][et_pb_image src=&#8220;https:\/\/www.skb.tu-berlin.de\/wp-content\/uploads\/2023\/07\/P1020575-Copia-21.png&#8220; title_text=&#8220;P1020575-Copia-2(1)&#8220; _builder_version=&#8220;4.27.4&#8243; _module_preset=&#8220;default&#8220; custom_margin_tablet=&#8220;&#8220; custom_margin_phone=&#8220;&#8220; custom_margin_last_edited=&#8220;on|desktop&#8220; global_colors_info=&#8220;{}&#8220;][\/et_pb_image][\/et_pb_column][\/et_pb_row][et_pb_row custom_padding_last_edited=&#8220;on|desktop&#8220; disabled_on=&#8220;off|off|off&#8220; admin_label=&#8220;Mitarbeit&#8220; module_id=&#8220;mitarbeit&#8220; module_class=&#8220;sm&#8220; _builder_version=&#8220;4.23.2&#8243; _module_preset=&#8220;default&#8220; max_width=&#8220;992px&#8220; custom_padding=&#8220;0px||0px||false|false&#8220; custom_padding_tablet=&#8220;&#8220; custom_padding_phone=&#8220;&#8220; global_colors_info=&#8220;{}&#8220;][et_pb_column type=&#8220;4_4&#8243; _builder_version=&#8220;4.16&#8243; _module_preset=&#8220;default&#8220; global_colors_info=&#8220;{}&#8220;][et_pb_text admin_label=&#8220;Praktikum im Semester&#8220; _builder_version=&#8220;4.27.0&#8243; _module_preset=&#8220;default&#8220; custom_margin=&#8220;||50px||false|false&#8220; custom_margin_tablet=&#8220;||30px||false|false&#8220; custom_margin_phone=&#8220;&#8220; custom_margin_last_edited=&#8220;on|desktop&#8220; header_2_font_size_last_edited=&#8220;off|desktop&#8220; global_colors_info=&#8220;{}&#8220;]<\/p>\n<h3>Praktikum im Sommersemester 2025<\/h3>\n<p>The internship takes place from\u00a0 <strong>06.<\/strong>\u00a0 <strong>Mai 2025 &#8211; Ende Juli 2025 <\/strong>statt. Somit ist ab August\/September die SKB-Mitgliedschaft und das eigenst\u00e4ndige und verg\u00fctete Unterrichten m\u00f6glich.<\/p>\n<p>Unsere SKB-Sprachgruppen suchen aktuell Verst\u00e4rkung f\u00fcr folgende Sprachen:<\/p>\n<p><strong>Arabisch, Chinesisch, Deutsch, Franz\u00f6sisch, Italienisch, Koreanisch, Russisch, Slowenisch und T\u00fcrkisch.<br \/><\/strong><\/p>\n<p>Es ist wichtig, dass du dich f\u00fcr deine Erstsprache bewirbst. Wir haben nicht eine Gruppe f\u00fcr jede Sprache. Fehlt also deine Erstsprache noch bei der SKB? Dann freuen wir uns \u00fcber deine <strong>unsolicited application<\/strong>.<\/p>\n<p>&nbsp;<\/p>\n<p>If you are interested in the internship, please read the following information carefully and send us your application by email within the application deadline to <a href=\"mailto:praktikum@skb.tu-berlin.de\">praktikum@skb.tu-berlin.de<\/a> . In addition to your CV and a current certificate of study, please also send us a short cover letter in which you tell us why you would like to do an internship at the SKB.<\/p>\n<p>&nbsp;<\/p>\n<p><strong><u>Ein \u00dcberblick zum Ablauf des Bewerbungsprozesses:<\/u><\/strong><\/p>\n<ul>\n<li>The deadline for the application ends on the <strong>20. April 2025<\/strong><\/li>\n<li>Am <strong>22. April von 18-19 Uhr<\/strong> findet ein Infotreffen statt. Dort stellen wir das Praktikum und die SKB vor und es k\u00f6nnen Fragen besprochen werden.<\/li>\n<li>Zwischen dem 23. April und dem 06. Mai finden Bewerbungsgespr\u00e4che mit den Sprachgruppen statt.<\/li>\n<li>Am Dienstag<strong> 06.05. um 17 Uhr<\/strong> findet das erste Praktikumstreffen mit einer Einf\u00fchrung statt.<\/li>\n<\/ul>\n<p>&nbsp;<\/p>\n<p><span style=\"text-decoration: underline;\"><strong>Die Workshops f\u00fcr das Praktikum finden an folgenden Terminen statt:<\/strong><\/span><span style=\"text-decoration: underline;\"><strong><\/strong><\/span><\/p>\n<p><strong>17.05.2025<\/strong>: Einf\u00fchrung in die Unterrichtspraxis<br \/><strong>24.05.2025<\/strong>: Methodik und Didaktik im Sprachunterricht<br \/><strong>14.06.2025<\/strong>: Unterrichtsplanung Teil 1<br \/><strong>05.07.2025<\/strong>: Unterrichtsplanung Teil 2<\/p>\n<p>[\/et_pb_text][\/et_pb_column][\/et_pb_row][et_pb_row custom_padding_last_edited=&#8220;on|desktop&#8220; admin_label=&#8220;Praktikum&#8220; module_id=&#8220;praktikum&#8220; module_class=&#8220;sm&#8220; _builder_version=&#8220;4.16&#8243; _module_preset=&#8220;default&#8220; max_width=&#8220;992px&#8220; custom_padding=&#8220;0px||||false|false&#8220; custom_padding_tablet=&#8220;&#8220; custom_padding_phone=&#8220;&#8220; global_colors_info=&#8220;{}&#8220;][et_pb_column type=&#8220;4_4&#8243; _builder_version=&#8220;4.16&#8243; _module_preset=&#8220;default&#8220; global_colors_info=&#8220;{}&#8220;][et_pb_text _builder_version=&#8220;4.16&#8243; _module_preset=&#8220;default&#8220; min_height=&#8220;455.5px&#8220; custom_margin=&#8220;||50px||false|false&#8220; custom_margin_tablet=&#8220;||30px||false|false&#8220; custom_margin_phone=&#8220;&#8220; custom_margin_last_edited=&#8220;on|desktop&#8220; header_2_font_size_last_edited=&#8220;off|desktop&#8220; global_colors_info=&#8220;{}&#8220;]<\/p>\n<h3>Was bieten wir dir?<\/h3>\n<ul>\n<li>Die SKB ist ein selbstverwaltetes basisdemokratisches Projekt mit sehr flachen Hierarchien und lebt vom Engagement ihrer Mitglieder. Ziel des Praktikums ist, dass du die Mitglieder, Arbeitsbereiche und Prozesse der SKB kennenlernst und deinen eigenen Platz bei uns findest.<\/li>\n<li>Especially in the beginning, the structures and processes at the SKB can seem a bit confusing. Your internship supervisors are always there to help you with doubts and problems. They will support you in finding your way around the structures of the SKB and organising your internship.<\/li>\n<li>You will sit in on different courses with different teachers in your \"language group\" and get to know different language levels and teaching methods.<\/li>\n<li>Du nimmst am SKB-Plenum (unserer Mitgliederversammlung) teil und bekommst so einen Einblick in die basisdemokratische Selbstverwaltung des Projektes.<\/li>\n<li>Du lernst verschiedene Arbeitsgruppen kennen und entscheidest selbst, in welchen Arbeitsbereichen du dich aktiv einbringen m\u00f6chtest (z.B. Werbung, IT, Kulturangebot usw.).<\/li>\n<li>In various didactic workshops you will acquire a basic knowledge of teaching methods and lesson planning and reflect on your experiences sitting in on courses and your own teaching ideas.<\/li>\n<li>Towards the end of the internship, you will conduct a few lessons yourself in the presence of the respective course instructors.<\/li>\n<li>In regelm\u00e4\u00dfigen Praktikant*innentreffen tauschst du dich mit anderen Praktikant*innen \u00fcber deine Praktikumserfahrungen aus. Au\u00dferdem lernst du hier noch mehr \u00fcber die Organisationsstrukturen und \u2013prozesse der SKB.<\/li>\n<li>Du bist normalerweise Teil einer \u201eSprachgruppe\u201c und nimmst an Aktivit\u00e4ten deiner Sprachgruppe teil.<\/li>\n<li>The SKB is largely self-financed. This means that the money for workshops and the support in the internship must first be earned through our course fees. For this reason, we unfortunately cannot pay you during the internship. What we do offer you: valuable experience in a diverse transcultural project and a variety of opportunities to contribute with your interests, implement your own ideas and further your development according to your own wishes.<\/li>\n<\/ul>\n<p>[\/et_pb_text][et_pb_text _builder_version=&#8220;4.17.6&#8243; _module_preset=&#8220;default&#8220; custom_margin=&#8220;||50px||false|false&#8220; custom_margin_tablet=&#8220;||30px||false|false&#8220; custom_margin_phone=&#8220;&#8220; custom_margin_last_edited=&#8220;on|desktop&#8220; header_2_font_size_last_edited=&#8220;off|desktop&#8220; global_colors_info=&#8220;{}&#8220;]<\/p>\n<h3>What would we like from you?<\/h3>\n<ul>\n<li>You are enrolled as a student at a university or college in Berlin or Brandenburg.<\/li>\n<li>The language you are applying for is your native language. You also speak German at about B2 level. This is important because German is our common language at SKB and almost all communication takes place in German.<\/li>\n<li>Da du das Praktikum parallel zu deinem Studium machst, ist gutes Zeitmanagement sehr wichtig. Du solltest durchschnittlich ca. 8 Stunden pro Woche deinem Praktikum widmen k\u00f6nnen. Teilweise gibt es feste Termine (z.B. f\u00fcr Workshops, Plenum, Praktikant*innen-Treffen). Aber zu einem gro\u00dfen Teil kannst du dir deine Zeit sehr flexibel gestalten.<\/li>\n<li>You should have the desire to be involved in the SKB for a longer period of time after the internship.<\/li>\n<li>You want to work in self-organised structures (maybe you already have experience?). In this context it is important that you approach others openly and communicate actively: questions and new ideas are always welcome! A desire for self initiative and involvement is essential.<\/li>\n<li>You are interested in grassroots communication and decision-making processes and understand that such processes can sometimes take a long time. Openness to different perspectives, an appreciative and constructive attitude and a lot of patience in decision-making processes are important at the SKB!<\/li>\n<li>You are interested in intercultural exchange and would like to introduce your language and culture(s) to other students. Whether you have previous teaching experience or not, you should be interested in and enjoy language teaching topics.<\/li>\n<\/ul>\n<p>[\/et_pb_text][et_pb_video src=&#8220;https:\/\/www.youtube.com\/watch?v=rY4tipVDdk8&#8243; admin_label=&#8220;Video&#8220; _builder_version=&#8220;4.17.6&#8243; _module_preset=&#8220;default&#8220; global_colors_info=&#8220;{}&#8220;][\/et_pb_video][et_pb_text _builder_version=&#8220;4.16&#8243; _module_preset=&#8220;default&#8220; text_text_color=&#8220;#797979&#8243; text_font_size=&#8220;22px&#8220; global_colors_info=&#8220;{}&#8220;]<\/p>\n<p>So, do you want to become part of the SKB? <a href=\"https:\/\/www.skb.tu-berlin.de\/en\/contact\/\">Then apply now<\/a>! We look forward to receiving your application!<\/p>\n<p>Do you have any questions about the internship? Then write us an <a href=\"https:\/\/www.skb.tu-berlin.de\/en\/contact\/\">Email<\/a>.<\/p>\n<p>[\/et_pb_text][\/et_pb_column][\/et_pb_row][\/et_pb_section]<\/p>","protected":false},"excerpt":{"rendered":"<p><div class=\"et_pb_module lwp_divi_breadcrumbs lwp_divi_breadcrumbs_0\">\n\t\t\t\t\n\t\t\t\t\n\t\t\t\t\n\t\t\t\t\n\t\t\t\t\n\t\t\t\t\n\t\t\t\t<div class=\"et_pb_module_inner\">\n\t\t\t\t\t<div class=\"lwp-breadcrumbs\"> <span class=\"before\"><\/span> <span vocab=\"https:\/\/schema.org\/\" typeof=\"BreadcrumbList\"><span property=\"itemListElement\" typeof=\"ListItem\"><a property=\"item\" typeof=\"WebPage\" href=\"https:\/\/www.skb.tu-berlin.de\/en\/\" class=\"home\"><span property=\"name\">SKB<\/span><\/a><meta property=\"position\" content=\"1\"><\/span> <span class=\"separator et-pb-icon\">5<\/span> <\/span><\/div>\n\t\t\t\t<\/div>\n\t\t\t<\/div> Wir pausieren derzeit das Praktikum, daher nehmen wir momentan keine Anmeldungen entgegen. Vielen Dank f\u00fcr dein Verst\u00e4ndnis! Wenn du SKB-Mitglied werden und an der SKB freiberuflich mitarbeiten m\u00f6chtest, musst du zuerst ein Praktikum bei uns machen. Das Praktikum dauert drei Monate. Du solltest durchschnittlich [&hellip;]<\/p>","protected":false},"author":1,"featured_media":0,"parent":255,"menu_order":0,"comment_status":"closed","ping_status":"closed","template":"","meta":{"_et_pb_use_builder":"on","_et_pb_old_content":"","_et_gb_content_width":"","inline_featured_image":false,"footnotes":""},"class_list":["post-1503","page","type-page","status-publish","hentry"],"yoast_head":"<!-- This site is optimized with the Yoast SEO plugin v26.1.1 - https:\/\/yoast.com\/wordpress\/plugins\/seo\/ -->\n<title>SKB | Mitarbeit<\/title>\n<meta name=\"description\" content=\"Nach dem Praktikum als Student*in wirst du SKB-Mitglied und kannst Sprachkurse in deiner Erstsprache anbieten bzw. unser Projekt mitgestalten\" \/>\n<meta name=\"robots\" content=\"index, follow, max-snippet:-1, max-image-preview:large, max-video-preview:-1\" \/>\n<link rel=\"canonical\" href=\"https:\/\/www.skb.tu-berlin.de\/en\/uber-the-skb\/internship-and-work-2\/\" \/>\n<meta property=\"og:locale\" content=\"en_US\" \/>\n<meta property=\"og:type\" content=\"article\" \/>\n<meta property=\"og:title\" content=\"SKB | Mitarbeit\" \/>\n<meta property=\"og:description\" content=\"Nach dem Praktikum als Student*in wirst du SKB-Mitglied und kannst Sprachkurse in deiner Erstsprache anbieten bzw. unser Projekt mitgestalten\" \/>\n<meta property=\"og:url\" content=\"https:\/\/www.skb.tu-berlin.de\/en\/uber-the-skb\/internship-and-work-2\/\" \/>\n<meta property=\"og:site_name\" content=\"SKB\" \/>\n<meta property=\"article:modified_time\" content=\"2025-10-10T11:20:49+00:00\" \/>\n<meta name=\"twitter:card\" content=\"summary_large_image\" \/>\n<script type=\"application\/ld+json\" class=\"yoast-schema-graph\">{\"@context\":\"https:\/\/schema.org\",\"@graph\":[{\"@type\":\"WebPage\",\"@id\":\"https:\/\/www.skb.tu-berlin.de\/uber-die-skb\/praktikum-und-mitarbeit\/\",\"url\":\"https:\/\/www.skb.tu-berlin.de\/uber-die-skb\/praktikum-und-mitarbeit\/\",\"name\":\"SKB | Mitarbeit\",\"isPartOf\":{\"@id\":\"https:\/\/www.skb.tu-berlin.de\/#website\"},\"datePublished\":\"2021-09-29T14:35:08+00:00\",\"dateModified\":\"2025-10-10T11:20:49+00:00\",\"description\":\"Nach dem Praktikum als Student*in wirst du SKB-Mitglied und kannst Sprachkurse in deiner Erstsprache anbieten bzw. unser Projekt mitgestalten\",\"breadcrumb\":{\"@id\":\"https:\/\/www.skb.tu-berlin.de\/uber-die-skb\/praktikum-und-mitarbeit\/#breadcrumb\"},\"inLanguage\":\"en-US\",\"potentialAction\":[{\"@type\":\"ReadAction\",\"target\":[\"https:\/\/www.skb.tu-berlin.de\/uber-die-skb\/praktikum-und-mitarbeit\/\"]}]},{\"@type\":\"BreadcrumbList\",\"@id\":\"https:\/\/www.skb.tu-berlin.de\/uber-die-skb\/praktikum-und-mitarbeit\/#breadcrumb\",\"itemListElement\":[{\"@type\":\"ListItem\",\"position\":1,\"name\":\"SKB\",\"item\":\"https:\/\/www.skb.tu-berlin.de\/\"},{\"@type\":\"ListItem\",\"position\":2,\"name\":\"\u00dcber die SKB\",\"item\":\"https:\/\/www.skb.tu-berlin.de\/uber-die-skb\/\"},{\"@type\":\"ListItem\",\"position\":3,\"name\":\"Mitarbeit\"}]},{\"@type\":\"WebSite\",\"@id\":\"https:\/\/www.skb.tu-berlin.de\/#website\",\"url\":\"https:\/\/www.skb.tu-berlin.de\/\",\"name\":\"SKB\",\"description\":\"Sprach- und Kulturb\u00f6rse TU Berlin\",\"potentialAction\":[{\"@type\":\"SearchAction\",\"target\":{\"@type\":\"EntryPoint\",\"urlTemplate\":\"https:\/\/www.skb.tu-berlin.de\/?s={search_term_string}\"},\"query-input\":{\"@type\":\"PropertyValueSpecification\",\"valueRequired\":true,\"valueName\":\"search_term_string\"}}],\"inLanguage\":\"en-US\"}]}<\/script>\n<!-- \/ Yoast SEO plugin. -->","yoast_head_json":{"title":"SKB | Mitarbeit","description":"After the internship as a student you will become a member of SKB and can offer language courses in your first language or contribute to our project.","robots":{"index":"index","follow":"follow","max-snippet":"max-snippet:-1","max-image-preview":"max-image-preview:large","max-video-preview":"max-video-preview:-1"},"canonical":"https:\/\/www.skb.tu-berlin.de\/en\/uber-the-skb\/internship-and-work-2\/","og_locale":"en_US","og_type":"article","og_title":"SKB | Mitarbeit","og_description":"Nach dem Praktikum als Student*in wirst du SKB-Mitglied und kannst Sprachkurse in deiner Erstsprache anbieten bzw. unser Projekt mitgestalten","og_url":"https:\/\/www.skb.tu-berlin.de\/en\/uber-the-skb\/internship-and-work-2\/","og_site_name":"SKB","article_modified_time":"2025-10-10T11:20:49+00:00","twitter_card":"summary_large_image","schema":{"@context":"https:\/\/schema.org","@graph":[{"@type":"WebPage","@id":"https:\/\/www.skb.tu-berlin.de\/uber-die-skb\/praktikum-und-mitarbeit\/","url":"https:\/\/www.skb.tu-berlin.de\/uber-die-skb\/praktikum-und-mitarbeit\/","name":"SKB | Mitarbeit","isPartOf":{"@id":"https:\/\/www.skb.tu-berlin.de\/#website"},"datePublished":"2021-09-29T14:35:08+00:00","dateModified":"2025-10-10T11:20:49+00:00","description":"After the internship as a student you will become a member of SKB and can offer language courses in your first language or contribute to our project.","breadcrumb":{"@id":"https:\/\/www.skb.tu-berlin.de\/uber-die-skb\/praktikum-und-mitarbeit\/#breadcrumb"},"inLanguage":"en-US","potentialAction":[{"@type":"ReadAction","target":["https:\/\/www.skb.tu-berlin.de\/uber-die-skb\/praktikum-und-mitarbeit\/"]}]},{"@type":"BreadcrumbList","@id":"https:\/\/www.skb.tu-berlin.de\/uber-die-skb\/praktikum-und-mitarbeit\/#breadcrumb","itemListElement":[{"@type":"ListItem","position":1,"name":"SKB","item":"https:\/\/www.skb.tu-berlin.de\/"},{"@type":"ListItem","position":2,"name":"\u00dcber die SKB","item":"https:\/\/www.skb.tu-berlin.de\/uber-die-skb\/"},{"@type":"ListItem","position":3,"name":"Mitarbeit"}]},{"@type":"WebSite","@id":"https:\/\/www.skb.tu-berlin.de\/#website","url":"https:\/\/www.skb.tu-berlin.de\/","name":"SKB","description":"Language and Culture Exchange TU Berlin","potentialAction":[{"@type":"SearchAction","target":{"@type":"EntryPoint","urlTemplate":"https:\/\/www.skb.tu-berlin.de\/?s={search_term_string}"},"query-input":{"@type":"PropertyValueSpecification","valueRequired":true,"valueName":"search_term_string"}}],"inLanguage":"en-US"}]}},"_links":{"self":[{"href":"https:\/\/www.skb.tu-berlin.de\/en\/wp-json\/wp\/v2\/pages\/1503","targetHints":{"allow":["GET"]}}],"collection":[{"href":"https:\/\/www.skb.tu-berlin.de\/en\/wp-json\/wp\/v2\/pages"}],"about":[{"href":"https:\/\/www.skb.tu-berlin.de\/en\/wp-json\/wp\/v2\/types\/page"}],"author":[{"embeddable":true,"href":"https:\/\/www.skb.tu-berlin.de\/en\/wp-json\/wp\/v2\/users\/1"}],"replies":[{"embeddable":true,"href":"https:\/\/www.skb.tu-berlin.de\/en\/wp-json\/wp\/v2\/comments?post=1503"}],"version-history":[{"count":24,"href":"https:\/\/www.skb.tu-berlin.de\/en\/wp-json\/wp\/v2\/pages\/1503\/revisions"}],"predecessor-version":[{"id":35381,"href":"https:\/\/www.skb.tu-berlin.de\/en\/wp-json\/wp\/v2\/pages\/1503\/revisions\/35381"}],"up":[{"embeddable":true,"href":"https:\/\/www.skb.tu-berlin.de\/en\/wp-json\/wp\/v2\/pages\/255"}],"wp:attachment":[{"href":"https:\/\/www.skb.tu-berlin.de\/en\/wp-json\/wp\/v2\/media?parent=1503"}],"curies":[{"name":"wp","href":"https:\/\/api.w.org\/{rel}","templated":true}]}}