{"id":289,"date":"2021-02-03T21:22:46","date_gmt":"2021-02-03T21:22:46","guid":{"rendered":"http:\/\/amitos30.sg-host.com\/?page_id=289"},"modified":"2025-09-01T10:56:48","modified_gmt":"2025-09-01T08:56:48","slug":"faq","status":"publish","type":"page","link":"https:\/\/www.skb.tu-berlin.de\/en\/faq\/","title":{"rendered":"FAQ"},"content":{"rendered":"<p>[et_pb_section fb_built=&#8220;1&#8243; _builder_version=&#8220;4.16&#8243; _module_preset=&#8220;default&#8220; custom_padding=&#8220;0px||||false|false&#8220; global_colors_info=&#8220;{}&#8220;][et_pb_row admin_label=&#8220;Zeile&#8220; _builder_version=&#8220;4.25.2&#8243; _module_preset=&#8220;default&#8220; custom_padding=&#8220;40px||||false|false&#8220; global_module=&#8220;240&#8243; saved_tabs=&#8220;all&#8220; collapsed=&#8220;off&#8220; global_colors_info=&#8220;{}&#8220;][et_pb_column type=&#8220;4_4&#8243; _builder_version=&#8220;4.16&#8243; _module_preset=&#8220;default&#8220; global_colors_info=&#8220;{}&#8220;][lwp_divi_breadcrumbs home_text=&#8220;SKB&#8220; font_icon=&#8220;&#x35;||divi||400&#8243; link_color=&#8220;#797979&#8243; separator_color=&#8220;#797979&#8243; current_text_color=&#8220;#797979&#8243; _builder_version=&#8220;4.16&#8243; _module_preset=&#8220;default&#8220; global_colors_info=&#8220;{}&#8220; link_color__hover_enabled=&#8220;on|desktop&#8220; link_color__hover=&#8220;#009BD1&#8243;][\/lwp_divi_breadcrumbs][\/et_pb_column][\/et_pb_row][et_pb_row module_class=&#8220;sm&#8220; _builder_version=&#8220;4.16&#8243; _module_preset=&#8220;default&#8220; max_width=&#8220;992px&#8220; global_colors_info=&#8220;{}&#8220;][et_pb_column type=&#8220;4_4&#8243; _builder_version=&#8220;4.16&#8243; _module_preset=&#8220;default&#8220; global_colors_info=&#8220;{}&#8220;][et_pb_text admin_label=&#8220;Title&#8220; _builder_version=&#8220;4.16&#8243; _dynamic_attributes=&#8220;content&#8220; _module_preset=&#8220;default&#8220; custom_margin=&#8220;||50px||false|false&#8220; custom_margin_tablet=&#8220;||30px||false|false&#8220; custom_margin_phone=&#8220;&#8220; custom_margin_last_edited=&#8220;on|desktop&#8220; global_colors_info=&#8220;{}&#8220;]@ET-DC@eyJkeW5hbWljIjp0cnVlLCJjb250ZW50IjoicG9zdF90aXRsZSIsInNldHRpbmdzIjp7ImJlZm9yZSI6IjxoMT4iLCJhZnRlciI6IjwvaDE+In19@[\/et_pb_text][et_pb_text _builder_version=&#8220;4.16&#8243; _module_preset=&#8220;default&#8220; header_3_font_size_last_edited=&#8220;off|desktop&#8220; global_colors_info=&#8220;{}&#8220;]<\/p>\n<h3>Registration<\/h3>\n<p>[\/et_pb_text][et_pb_accordion _builder_version=&#8220;4.27.4&#8243; _module_preset=&#8220;default&#8220; toggle_text_color=&#8220;#797979&#8243; toggle_font_size=&#8220;18px&#8220; custom_margin=&#8220;||50px||false|false&#8220; custom_margin_tablet=&#8220;&#8220; custom_margin_phone=&#8220;||40px||false|false&#8220; custom_margin_last_edited=&#8220;on|desktop&#8220; hover_enabled=&#8220;0&#8243; toggle_font_size_tablet=&#8220;&#8220; toggle_font_size_phone=&#8220;16px&#8220; toggle_font_size_last_edited=&#8220;on|desktop&#8220; border_width_all=&#8220;0px&#8220; global_colors_info=&#8220;{}&#8220; sticky_enabled=&#8220;0&#8243;][et_pb_accordion_item title=&#8220;Ich studiere nicht an der TU Berlin. Kann ich trotzdem die Erm\u00e4\u00dfigung f\u00fcr Studierende erhalten?&#8220; open=&#8220;on&#8220; _builder_version=&#8220;4.27.4&#8243; _module_preset=&#8220;default&#8220; hover_enabled=&#8220;0&#8243; global_colors_info=&#8220;{}&#8220; sticky_enabled=&#8220;0&#8243;]<\/p>\n<p><span>Ja. Wenn du an einer Hochschule (weltweit) eingeschrieben bist, bist du berechtigt den Preis f\u00fcr Studierende zu zahlen.<\/span><\/p>\n<p>[\/et_pb_accordion_item][et_pb_accordion_item title=&#8220;Werden die Kurse schnell voll?&#8220; _builder_version=&#8220;4.16&#8243; _module_preset=&#8220;default&#8220; global_colors_info=&#8220;{}&#8220; open=&#8220;off&#8220;]<\/p>\n<p><span>This varies greatly. However, especially for beginner courses in languages that are in high demand, such as German, Turkish, Spanish, English, French, Japanese, it is advisable to register on the first days of enrolment, if possible, if you want to be sure of getting a spot.<\/span><\/p>\n<p>[\/et_pb_accordion_item][et_pb_accordion_item title=&#8220;Wann ist mein Platz gebucht?&#8220; _builder_version=&#8220;4.16&#8243; _module_preset=&#8220;default&#8220; global_colors_info=&#8220;{}&#8220; open=&#8220;off&#8220;]<\/p>\n<p><span>Your place in a course is not booked until you have paid the course fee.<\/span><\/p>\n<p>[\/et_pb_accordion_item][et_pb_accordion_item title=&#8220;Wie viel kosten die Sprachkurse?&#8220; _builder_version=&#8220;4.16&#8243; _module_preset=&#8220;default&#8220; link_option_url_new_window=&#8220;on&#8220; global_colors_info=&#8220;{}&#8220; open=&#8220;off&#8220;]<\/p>\n<p>You can find our prices under <a href=\"https:\/\/www.skb.tu-berlin.de\/en\/language-learning\/prices-and-conditions\/\">Fees and conditions.<\/a><\/p>\n<p>[\/et_pb_accordion_item][et_pb_accordion_item title=&#8220;Wie funktioniert die Kursanmeldung und Bezahlung?&#8220; _builder_version=&#8220;4.16&#8243; _module_preset=&#8220;default&#8220; global_colors_info=&#8220;{}&#8220; open=&#8220;off&#8220;]<\/p>\n<p>We offer language courses twice a semester: Semester-long courses during the winter and summer semesters and (semi-)intensive courses during the winter and summer semester breaks. About 2-3 weeks before a course block starts, there is a registration period, during which you can enroll.<\/p>\n<p>To register for a course, you must pay the course fee via bank transfer. We will provide you with the account information when you register. Unfortunately, no other payment methods are possible at the moment.<\/p>\n<p>Important: The registration is only complete when your payment has arrived on our TU bank account. A reservation for a spot in a language course without payment isn't possible!<\/p>\n<p>[\/et_pb_accordion_item][et_pb_accordion_item title=&#8220;Kann man von einem gebuchten Kurs wieder zur\u00fccktreten?&#8220; _builder_version=&#8220;4.17.6&#8243; _module_preset=&#8220;default&#8220; global_colors_info=&#8220;{}&#8220; open=&#8220;off&#8220;]<\/p>\n<p>If you have already registered and paid for a course, but then decide not to participate, you have the possibility to withdraw from the course.<\/p>\n<p class=\"translation-block\">However, a withdrawal is <strong>only<\/strong> possible within the registration period. This means that you have to inform us of your wish to withdraw in writing (via e-mail or cancellation button in your user account) by the last day of the registration period at the latest. We will then refund you the course fee you paid minus an administrative fee of 15,- Euro.<\/p>\n<p>[\/et_pb_accordion_item][et_pb_accordion_item title=&#8220;Ist das Kursmaterial in der Kursgeb\u00fchr enthalten?&#8220; _builder_version=&#8220;4.16&#8243; _module_preset=&#8220;default&#8220; global_colors_info=&#8220;{}&#8220; open=&#8220;off&#8220;]<\/p>\n<p>Each SKB teacher decides individually which material they will use in their course. If a certain book or material is needed in the course, it could be that you will have to buy this for the course. If and which material is requires for a course, is always mentioned in the course description. So you will already know which extra costs might arise before registering.<\/p>\n<p>[\/et_pb_accordion_item][et_pb_accordion_item title=&#8220;Wie gro\u00df sind die Sprachkurse?&#8220; _builder_version=&#8220;4.16&#8243; _module_preset=&#8220;default&#8220; global_colors_info=&#8220;{}&#8220; open=&#8220;off&#8220;]<\/p>\n<p>Our courses have between a minimum of 4-5 and a maximum of 14 participants.<\/p>\n<p>[\/et_pb_accordion_item][et_pb_accordion_item title=&#8220;Was passiert, wenn ein Kurs nicht stattfinden kann?&#8220; _builder_version=&#8220;4.16&#8243; _module_preset=&#8220;default&#8220; global_colors_info=&#8220;{}&#8220; open=&#8220;off&#8220;]<\/p>\n<p>Our courses have a minimum number of participants, usually four or five people. To teach a course with less participants would result in an unsustainable financial loss. This means that if fewer people than the minimum register for a course, unfortunately the course can't take place.<\/p>\n<p>If this is the case, the teacher then tries to find alternatives, for example by combining two similar course levels in one course. Unfortunately, this is not always possible. If a course cannot take place, we will inform you in good time and of course refund your complete course fee.<\/p>\n<p>Also if a teacher gets ill and a course does not take place or only takes place partially, we will refund all the cancelled lesson units.<\/p>\n<p>[\/et_pb_accordion_item][\/et_pb_accordion][et_pb_text disabled_on=&#8220;on|on|on&#8220; _builder_version=&#8220;4.16&#8243; _module_preset=&#8220;default&#8220; header_3_font_size_last_edited=&#8220;off|desktop&#8220; disabled=&#8220;on&#8220; global_colors_info=&#8220;{}&#8220;]<\/p>\n<h3>Resignation<\/h3>\n<p>[\/et_pb_text][et_pb_accordion disabled_on=&#8220;on|on|on&#8220; admin_label=&#8220;Akkordeon&#8220; _builder_version=&#8220;4.16&#8243; _module_preset=&#8220;default&#8220; toggle_text_color=&#8220;#797979&#8243; toggle_font_size=&#8220;18px&#8220; custom_margin=&#8220;||50px||false|false&#8220; custom_margin_tablet=&#8220;&#8220; custom_margin_phone=&#8220;||40px||false|false&#8220; custom_margin_last_edited=&#8220;on|desktop&#8220; toggle_font_size_tablet=&#8220;&#8220; toggle_font_size_phone=&#8220;16px&#8220; toggle_font_size_last_edited=&#8220;on|desktop&#8220; border_width_all=&#8220;0px&#8220; disabled=&#8220;on&#8220; global_colors_info=&#8220;{}&#8220;][et_pb_accordion_item title=&#8220;Ich kann den Kurs doch nicht besuchen. Bekomme ich die Kursgeb\u00fchr zur\u00fcck?&#8220; open=&#8220;on&#8220; _builder_version=&#8220;4.16&#8243; _module_preset=&#8220;default&#8220; global_colors_info=&#8220;{}&#8220;]<\/p>\n<p><span>Lorem ipsum dolor sit amet, consetetur sadipscing elitr, sed diam nonumy eirmod tempor invidunt ut labore et dolore magna aliquyam erat, sed diam voluptua. At vero eos et accusam et justo duo dolores et ea rebum. Stet clita kasd gubergren, no sea takimata<\/span><\/p>\n<p>[\/et_pb_accordion_item][\/et_pb_accordion][et_pb_text _builder_version=&#8220;4.16&#8243; _module_preset=&#8220;default&#8220; header_3_font_size_last_edited=&#8220;off|desktop&#8220; global_colors_info=&#8220;{}&#8220;]<\/p>\n<h3>Placement tests<\/h3>\n<p>[\/et_pb_text][et_pb_accordion _builder_version=&#8220;4.16&#8243; _module_preset=&#8220;default&#8220; toggle_text_color=&#8220;#797979&#8243; toggle_font_size=&#8220;18px&#8220; custom_margin=&#8220;||50px||false|false&#8220; custom_margin_tablet=&#8220;||50px||false|false&#8220; custom_margin_phone=&#8220;||40px||false|false&#8220; custom_margin_last_edited=&#8220;on|desktop&#8220; toggle_font_size_tablet=&#8220;&#8220; toggle_font_size_phone=&#8220;16px&#8220; toggle_font_size_last_edited=&#8220;on|desktop&#8220; border_width_all=&#8220;0px&#8220; global_colors_info=&#8220;{}&#8220;][et_pb_accordion_item title=&#8220;Wer muss einen Einstufungstest machen?&#8220; open=&#8220;on&#8220; _builder_version=&#8220;4.16&#8243; _module_preset=&#8220;default&#8220; global_colors_info=&#8220;{}&#8220;]<\/p>\n<p>You have to take a placement test if you already have knowledge of the respective language, but no certificate of attendance of an SKB course and no level certificate accepted by the SKB. Certificates of participation in SKB courses are accepted as proof of level if they were issued no more than two semesters ago. A few language groups accept level certificates from other universities\/language schools. You can find out which ones below.<\/p>\n<p>[\/et_pb_accordion_item][et_pb_accordion_item title=&#8220;Wer muss KEINEN Einstufungstest machen?&#8220; _builder_version=&#8220;4.16&#8243; _module_preset=&#8220;default&#8220; global_colors_info=&#8220;{}&#8220; open=&#8220;off&#8220;]<\/p>\n<p>You do not need a placement test if you<\/p>\n<p>a) have successfully completed an SKB course no longer than two semesters ago with a certificate of attendance and now wish to enroll in the follow-up course.<\/p>\n<p>b) have completed a placement test at the SKB no longer than six months ago and can present proof of this level placement.<\/p>\n<p>b) you would like to register for a \"Beginners without previous knowledge\" (A1.1) course.<\/p>\n<p>c) you have a level certificate from another university \/ language school that is accepted by SKB. You will find out which certificates are accepted in the next question.<\/p>\n<p>[\/et_pb_accordion_item][et_pb_accordion_item title=&#8220;Ich habe Sprachzeugnisse einer anderen Institution. Muss ich trotzdem einen Einstufungstest machen?&#8220; _builder_version=&#8220;4.16&#8243; _module_preset=&#8220;default&#8220; global_colors_info=&#8220;{}&#8220; open=&#8220;off&#8220;]<\/p>\n<p>\u00a0The following language groups accept the following certificates from other institutions:<\/p>\n<p><strong>German<\/strong>: Goethe certificate, certificates from other Berlin universities, Telc certificate and certificates from the language schools Kapitel Zwei, die deutSCHule, Humboldt-Institut and speakeasy. The certificates must not be more than one year old.<\/p>\n<p><strong>Greek<\/strong>: \u201eSprachdiplom f\u00fcr Griechisch\u201c. The certificate must not be more than one year old.<\/p>\n<p><strong>Italian<\/strong>: CELI, PLIDA, Laboling, Volkshochschulen and university language centers. The certificate must not be more than one year old.<\/p>\n<p><strong>Korean:<\/strong> TOPIK (Test of Proficiency in Korea). The certificate must not be more than two years old.<\/p>\n<p><strong>Spanisch: <\/strong>Instituto Cervantes, ZEMS, Zentraleinrichtung Sprachzentrum FU Berlin, Sprachzentrum HU, Uni Potsdam, VHS. The certificates must not be more than one year old.<\/p>\n<p>For the other languages, only SKB certificates are accepted.<\/p>\n<p>Results of level placement tests from other institutions are generally not accepted.<\/p>\n<p>&nbsp;<\/p>\n<p>&nbsp;<\/p>\n<p>&nbsp;<\/p>\n<p>&nbsp;<\/p>\n<p>&nbsp;<\/p>\n<p>&nbsp;<\/p>\n<p>&nbsp;<\/p>\n<p>&nbsp;<\/p>\n<p>&nbsp;<\/p>\n<p>&nbsp;<\/p>\n<p>&nbsp;<\/p>\n<p>&nbsp;<\/p>\n<p>[\/et_pb_accordion_item][\/et_pb_accordion][et_pb_text _builder_version=&#8220;4.16&#8243; _module_preset=&#8220;default&#8220; header_3_font_size_last_edited=&#8220;off|desktop&#8220; global_colors_info=&#8220;{}&#8220;]<\/p>\n<h3>Further questions about our courses<\/h3>\n<p>[\/et_pb_text][et_pb_accordion _builder_version=&#8220;4.27.2&#8243; _module_preset=&#8220;default&#8220; toggle_text_color=&#8220;#797979&#8243; toggle_font_size=&#8220;18px&#8220; custom_margin_last_edited=&#8220;off|desktop&#8220; toggle_font_size_tablet=&#8220;&#8220; toggle_font_size_phone=&#8220;16px&#8220; toggle_font_size_last_edited=&#8220;on|desktop&#8220; border_width_all=&#8220;0px&#8220; global_colors_info=&#8220;{}&#8220;][et_pb_accordion_item title=&#8220;Auf welcher Sprache sind die Kurse?&#8220; open=&#8220;on&#8220; _builder_version=&#8220;4.16&#8243; _module_preset=&#8220;default&#8220; global_colors_info=&#8220;{}&#8220;]<\/p>\n<p>The higher level courses (A2\/B1 and above) are usually in the target language (for example, in Spanish in a Spanish course). The teaching language in courses with lower levels (A1\/A2) is usually German. By arrangement with the individual lecturers, courses can also be held in English. Please contact us before you enroll.<\/p>\n<p>The teaching language in the lower level German courses (A1\/A2) is usually English, while in the higher level courses (A2\/B1 and above) it is German.<\/p>\n<p>[\/et_pb_accordion_item][et_pb_accordion_item title=&#8220;Kann ich einen SKB-Kurs als SWS im Wahlpflichtbereich oder freien Wahlbereich anerkennen lassen?&#8220; _builder_version=&#8220;4.16&#8243; _module_preset=&#8220;default&#8220; global_colors_info=&#8220;{}&#8220; open=&#8220;off&#8220;]<\/p>\n<p>Although we can confirm your successful participation in one of our courses, we are not authorized to award credit points. It is up to your university to decide whether you can get an SKB course recognised in your course of studies after presenting the confirmation of participation. You will have to ask your institute or the responsible examination office. So far, recognition has only been granted in exceptional cases.<\/p>\n<p>[\/et_pb_accordion_item][et_pb_accordion_item title=&#8220;Gibt es eine Pr\u00fcfung am Ende des Kurses?&#8220; _builder_version=&#8220;4.16&#8243; _module_preset=&#8220;default&#8220; global_colors_info=&#8220;{}&#8220; open=&#8220;off&#8220;]<\/p>\n<p>No, but we can confirm successful participation with a certificate.<\/p>\n<p>[\/et_pb_accordion_item][et_pb_accordion_item title=&#8220;Kann ich einen Kurs wechseln?&#8220; _builder_version=&#8220;4.16&#8243; _module_preset=&#8220;default&#8220; global_colors_info=&#8220;{}&#8220; open=&#8220;off&#8220;]<\/p>\n<p>Please always talk to the instructor if you think the course level is not right for you. If we have misclassified you, we will try to find another course for you.<\/p>\n<p>[\/et_pb_accordion_item][et_pb_accordion_item title=&#8220;Bekomme ich eine Rechnung f\u00fcr die bezahlte Kursgeb\u00fchr?&#8220; _builder_version=&#8220;4.22.2&#8243; _module_preset=&#8220;default&#8220; global_colors_info=&#8220;{}&#8220; open=&#8220;off&#8220;]<\/p>\n<p>Invoices are only delivered on demand<\/p>\n<p>[\/et_pb_accordion_item][et_pb_accordion_item title=&#8220;Darf ich von einer Bank im Ausland die Kursgeb\u00fchren \u00fcberweisen?&#8220; _builder_version=&#8220;4.25.2&#8243; _module_preset=&#8220;default&#8220; global_colors_info=&#8220;{}&#8220; open=&#8220;off&#8220;]<\/p>\n<p>Bitte beachte, dass einige Banken zus\u00e4tzliche Geb\u00fchren f\u00fcr \u00dcberweisungen aus dem Ausland berechnen und diese direkt von der gezahlten Summe abziehen. Die Geb\u00fchr muss jedoch vollst\u00e4ndig auf dem Konto der TU Berlin eingehen. Bitte erkundige dich daher gegebenenfalls vorab bei deiner Bank. Fehlende Betr\u00e4ge werden von uns nachgefordert.<\/p>\n<p>[\/et_pb_accordion_item][et_pb_accordion_item title=&#8220;Sind Teilnehmende in den Sprachkursen unfallversichert?&#8220; _builder_version=&#8220;4.27.2&#8243; _module_preset=&#8220;default&#8220; global_colors_info=&#8220;{}&#8220; open=&#8220;off&#8220;]<\/p>\n<p>Normally, participants in our language courses are not insured by TU Berlin.<\/p>\n<p>Employees of other Berlin universities may be insured through their university's accident insurance provider if our language courses are part of their employment relationship. Furthermore, learners or students who take our language courses as part of training and further education in a company insured with Unfallkasse Berlin may be insured through the company in question. This should be checked with the relevant employer.<\/p>\n<p>[\/et_pb_accordion_item][\/et_pb_accordion][\/et_pb_column][\/et_pb_row][et_pb_row _builder_version=&#8220;4.16&#8243; _module_preset=&#8220;default&#8220; global_colors_info=&#8220;{}&#8220;][et_pb_column type=&#8220;4_4&#8243; _builder_version=&#8220;4.16&#8243; _module_preset=&#8220;default&#8220; global_colors_info=&#8220;{}&#8220;][et_pb_text _builder_version=&#8220;4.16&#8243; _module_preset=&#8220;default&#8220; text_text_color=&#8220;#797979&#8243; text_font_size=&#8220;22px&#8220; text_orientation=&#8220;center&#8220; custom_margin=&#8220;||50px||false|false&#8220; custom_margin_tablet=&#8220;||30px||false|false&#8220; custom_margin_phone=&#8220;&#8220; custom_margin_last_edited=&#8220;on|desktop&#8220; custom_padding=&#8220;||0px|||&#8220; text_font_size_tablet=&#8220;18px&#8220; text_font_size_phone=&#8220;&#8220; text_font_size_last_edited=&#8220;on|desktop&#8220; global_colors_info=&#8220;{}&#8220;]<\/p>\n<p>Do you still have questions that have not been answered? <a href=\"https:\/\/www.skb.tu-berlin.de\/en\/contact\/\">Then write us an e-mail<\/a>.<\/p>\n<p>[\/et_pb_text][\/et_pb_column][\/et_pb_row][\/et_pb_section]<\/p>","protected":false},"excerpt":{"rendered":"<p><div class=\"et_pb_module lwp_divi_breadcrumbs lwp_divi_breadcrumbs_0\">\n\t\t\t\t\n\t\t\t\t\n\t\t\t\t\n\t\t\t\t\n\t\t\t\t\n\t\t\t\t\n\t\t\t\t<div class=\"et_pb_module_inner\">\n\t\t\t\t\t<div class=\"lwp-breadcrumbs\"> <span class=\"before\"><\/span> <span vocab=\"https:\/\/schema.org\/\" typeof=\"BreadcrumbList\"><span property=\"itemListElement\" typeof=\"ListItem\"><a property=\"item\" typeof=\"WebPage\" href=\"https:\/\/www.skb.tu-berlin.de\/en\/\" class=\"home\"><span property=\"name\">SKB<\/span><\/a><meta property=\"position\" content=\"1\"><\/span> <span class=\"separator et-pb-icon\">5<\/span> <\/span><\/div>\n\t\t\t\t<\/div>\n\t\t\t<\/div>AnmeldungJa. Wenn du an einer Hochschule (weltweit) eingeschrieben bist, bist du berechtigt den Preis f\u00fcr Studierende zu zahlen.Das ist sehr unterschiedlich. Vor allem f\u00fcr Anf\u00e4ngerkurse in stark nachgefragten Sprachen wie Deutsch, T\u00fcrkisch, Spanisch, Englisch, Franz\u00f6sisch, Japanisch empfiehlt es sich aber, sich m\u00f6glichst an den ersten [&hellip;]<\/p>","protected":false},"author":2,"featured_media":0,"parent":0,"menu_order":23,"comment_status":"closed","ping_status":"closed","template":"","meta":{"_et_pb_use_builder":"on","_et_pb_old_content":"","_et_gb_content_width":"","inline_featured_image":false,"footnotes":""},"class_list":["post-289","page","type-page","status-publish","hentry"],"yoast_head":"<!-- This site is optimized with the Yoast SEO plugin v26.1.1 - https:\/\/yoast.com\/wordpress\/plugins\/seo\/ -->\n<title>SKB | FAQ<\/title>\n<meta name=\"description\" content=\"Auf noch offene Fragen zum Sprachkurs oder Kulturangebot der Sprach- und Kulturb\u00f6rse der TU Berlin findest du hier ggf. eine Antwort.\" \/>\n<meta name=\"robots\" content=\"noindex, follow\" \/>\n<meta property=\"og:locale\" content=\"en_US\" \/>\n<meta property=\"og:type\" content=\"article\" \/>\n<meta property=\"og:title\" content=\"SKB | FAQ\" \/>\n<meta property=\"og:description\" content=\"Auf noch offene Fragen zum Sprachkurs oder Kulturangebot der Sprach- und Kulturb\u00f6rse der TU Berlin findest du hier ggf. eine Antwort.\" \/>\n<meta property=\"og:url\" content=\"https:\/\/www.skb.tu-berlin.de\/en\/faq\/\" \/>\n<meta property=\"og:site_name\" content=\"SKB\" \/>\n<meta property=\"article:modified_time\" content=\"2025-09-01T08:56:48+00:00\" \/>\n<meta name=\"twitter:card\" content=\"summary_large_image\" \/>\n<script type=\"application\/ld+json\" class=\"yoast-schema-graph\">{\"@context\":\"https:\/\/schema.org\",\"@graph\":[{\"@type\":\"WebPage\",\"@id\":\"https:\/\/www.skb.tu-berlin.de\/faq\/\",\"url\":\"https:\/\/www.skb.tu-berlin.de\/faq\/\",\"name\":\"SKB | FAQ\",\"isPartOf\":{\"@id\":\"https:\/\/www.skb.tu-berlin.de\/#website\"},\"datePublished\":\"2021-02-03T21:22:46+00:00\",\"dateModified\":\"2025-09-01T08:56:48+00:00\",\"description\":\"Auf noch offene Fragen zum Sprachkurs oder Kulturangebot der Sprach- und Kulturb\u00f6rse der TU Berlin findest du hier ggf. eine Antwort.\",\"breadcrumb\":{\"@id\":\"https:\/\/www.skb.tu-berlin.de\/faq\/#breadcrumb\"},\"inLanguage\":\"en-US\",\"potentialAction\":[{\"@type\":\"ReadAction\",\"target\":[\"https:\/\/www.skb.tu-berlin.de\/faq\/\"]}]},{\"@type\":\"BreadcrumbList\",\"@id\":\"https:\/\/www.skb.tu-berlin.de\/faq\/#breadcrumb\",\"itemListElement\":[{\"@type\":\"ListItem\",\"position\":1,\"name\":\"SKB\",\"item\":\"https:\/\/www.skb.tu-berlin.de\/\"},{\"@type\":\"ListItem\",\"position\":2,\"name\":\"FAQ\"}]},{\"@type\":\"WebSite\",\"@id\":\"https:\/\/www.skb.tu-berlin.de\/#website\",\"url\":\"https:\/\/www.skb.tu-berlin.de\/\",\"name\":\"SKB\",\"description\":\"Sprach- und Kulturb\u00f6rse TU Berlin\",\"potentialAction\":[{\"@type\":\"SearchAction\",\"target\":{\"@type\":\"EntryPoint\",\"urlTemplate\":\"https:\/\/www.skb.tu-berlin.de\/?s={search_term_string}\"},\"query-input\":{\"@type\":\"PropertyValueSpecification\",\"valueRequired\":true,\"valueName\":\"search_term_string\"}}],\"inLanguage\":\"en-US\"}]}<\/script>\n<!-- \/ Yoast SEO plugin. -->","yoast_head_json":{"title":"SKB | FAQ","description":"If you have any unanswered questions about the language courses or cultural offerings of the TU Berlin's Language and Culture Exchange, you may find an answer here.","robots":{"index":"noindex","follow":"follow"},"og_locale":"en_US","og_type":"article","og_title":"SKB | FAQ","og_description":"Auf noch offene Fragen zum Sprachkurs oder Kulturangebot der Sprach- und Kulturb\u00f6rse der TU Berlin findest du hier ggf. eine Antwort.","og_url":"https:\/\/www.skb.tu-berlin.de\/en\/faq\/","og_site_name":"SKB","article_modified_time":"2025-09-01T08:56:48+00:00","twitter_card":"summary_large_image","schema":{"@context":"https:\/\/schema.org","@graph":[{"@type":"WebPage","@id":"https:\/\/www.skb.tu-berlin.de\/faq\/","url":"https:\/\/www.skb.tu-berlin.de\/faq\/","name":"SKB | FAQ","isPartOf":{"@id":"https:\/\/www.skb.tu-berlin.de\/#website"},"datePublished":"2021-02-03T21:22:46+00:00","dateModified":"2025-09-01T08:56:48+00:00","description":"If you have any unanswered questions about the language courses or cultural offerings of the TU Berlin's Language and Culture Exchange, you may find an answer here.","breadcrumb":{"@id":"https:\/\/www.skb.tu-berlin.de\/faq\/#breadcrumb"},"inLanguage":"en-US","potentialAction":[{"@type":"ReadAction","target":["https:\/\/www.skb.tu-berlin.de\/faq\/"]}]},{"@type":"BreadcrumbList","@id":"https:\/\/www.skb.tu-berlin.de\/faq\/#breadcrumb","itemListElement":[{"@type":"ListItem","position":1,"name":"SKB","item":"https:\/\/www.skb.tu-berlin.de\/"},{"@type":"ListItem","position":2,"name":"FAQ"}]},{"@type":"WebSite","@id":"https:\/\/www.skb.tu-berlin.de\/#website","url":"https:\/\/www.skb.tu-berlin.de\/","name":"SKB","description":"Language and Culture Exchange TU Berlin","potentialAction":[{"@type":"SearchAction","target":{"@type":"EntryPoint","urlTemplate":"https:\/\/www.skb.tu-berlin.de\/?s={search_term_string}"},"query-input":{"@type":"PropertyValueSpecification","valueRequired":true,"valueName":"search_term_string"}}],"inLanguage":"en-US"}]}},"_links":{"self":[{"href":"https:\/\/www.skb.tu-berlin.de\/en\/wp-json\/wp\/v2\/pages\/289","targetHints":{"allow":["GET"]}}],"collection":[{"href":"https:\/\/www.skb.tu-berlin.de\/en\/wp-json\/wp\/v2\/pages"}],"about":[{"href":"https:\/\/www.skb.tu-berlin.de\/en\/wp-json\/wp\/v2\/types\/page"}],"author":[{"embeddable":true,"href":"https:\/\/www.skb.tu-berlin.de\/en\/wp-json\/wp\/v2\/users\/2"}],"replies":[{"embeddable":true,"href":"https:\/\/www.skb.tu-berlin.de\/en\/wp-json\/wp\/v2\/comments?post=289"}],"version-history":[{"count":6,"href":"https:\/\/www.skb.tu-berlin.de\/en\/wp-json\/wp\/v2\/pages\/289\/revisions"}],"predecessor-version":[{"id":35046,"href":"https:\/\/www.skb.tu-berlin.de\/en\/wp-json\/wp\/v2\/pages\/289\/revisions\/35046"}],"wp:attachment":[{"href":"https:\/\/www.skb.tu-berlin.de\/en\/wp-json\/wp\/v2\/media?parent=289"}],"curies":[{"name":"wp","href":"https:\/\/api.w.org\/{rel}","templated":true}]}}