{"id":498,"date":"2021-02-14T18:26:50","date_gmt":"2021-02-14T18:26:50","guid":{"rendered":"http:\/\/amitos30.sg-host.com\/?page_id=498"},"modified":"2025-09-08T12:43:49","modified_gmt":"2025-09-08T10:43:49","slug":"language-courses","status":"publish","type":"page","link":"https:\/\/www.skb.tu-berlin.de\/en\/language-learning\/language-courses\/","title":{"rendered":"Language courses"},"content":{"rendered":"<p>[et_pb_section fb_built=&#8220;1&#8243; _builder_version=&#8220;4.16&#8243; _module_preset=&#8220;default&#8220; custom_padding=&#8220;0px||||false|false&#8220; hover_enabled=&#8220;0&#8243; global_colors_info=&#8220;{}&#8220; sticky_enabled=&#8220;0&#8243;][et_pb_row admin_label=&#8220;Zeile&#8220; _builder_version=&#8220;4.25.2&#8243; _module_preset=&#8220;default&#8220; custom_padding=&#8220;40px||||false|false&#8220; hover_enabled=&#8220;0&#8243; global_module=&#8220;240&#8243; saved_tabs=&#8220;all&#8220; collapsed=&#8220;off&#8220; global_colors_info=&#8220;{}&#8220; sticky_enabled=&#8220;0&#8243;][et_pb_column type=&#8220;4_4&#8243; _builder_version=&#8220;4.16&#8243; _module_preset=&#8220;default&#8220; global_colors_info=&#8220;{}&#8220;][lwp_divi_breadcrumbs home_text=&#8220;SKB&#8220; font_icon=&#8220;&#x35;||divi||400&#8243; link_color=&#8220;#797979&#8243; separator_color=&#8220;#797979&#8243; current_text_color=&#8220;#797979&#8243; _builder_version=&#8220;4.16&#8243; _module_preset=&#8220;default&#8220; hover_enabled=&#8220;0&#8243; global_colors_info=&#8220;{}&#8220; link_color__hover_enabled=&#8220;on|desktop&#8220; link_color__hover=&#8220;#009BD1&#8243; sticky_enabled=&#8220;0&#8243;][\/lwp_divi_breadcrumbs][\/et_pb_column][\/et_pb_row][et_pb_row module_class=&#8220;sm&#8220; _builder_version=&#8220;4.16&#8243; _module_preset=&#8220;default&#8220; max_width=&#8220;992px&#8220; hover_enabled=&#8220;0&#8243; global_colors_info=&#8220;{}&#8220; sticky_enabled=&#8220;0&#8243;][et_pb_column type=&#8220;4_4&#8243; _builder_version=&#8220;4.16&#8243; _module_preset=&#8220;default&#8220; global_colors_info=&#8220;{}&#8220;][et_pb_text admin_label=&#8220;Title&#8220; _builder_version=&#8220;4.16&#8243; _dynamic_attributes=&#8220;content&#8220; _module_preset=&#8220;default&#8220; custom_margin=&#8220;||50px||false|false&#8220; custom_margin_tablet=&#8220;||30px||false|false&#8220; custom_margin_phone=&#8220;&#8220; custom_margin_last_edited=&#8220;on|desktop&#8220; hover_enabled=&#8220;0&#8243; global_colors_info=&#8220;{}&#8220; sticky_enabled=&#8220;0&#8243;]@ET-DC@eyJkeW5hbWljIjp0cnVlLCJjb250ZW50IjoicG9zdF90aXRsZSIsInNldHRpbmdzIjp7ImJlZm9yZSI6IjxoMT4iLCJhZnRlciI6IjwvaDE+In19@[\/et_pb_text][et_pb_text module_class=&#8220;content-list&#8220; _builder_version=&#8220;4.27.4&#8243; _module_preset=&#8220;default&#8220; header_3_font_size=&#8220;24px&#8220; custom_margin_last_edited=&#8220;off|desktop&#8220; hover_enabled=&#8220;0&#8243; header_3_font_size_tablet=&#8220;22px&#8220; header_3_font_size_phone=&#8220;20px&#8220; header_3_font_size_last_edited=&#8220;on|desktop&#8220; global_colors_info=&#8220;{}&#8220; sticky_enabled=&#8220;0&#8243;]<\/p>\n<p data-start=\"158\" data-end=\"291\">Our language courses are open to anyone who is interested\u2014regardless of whether you are a student, work at a university, or not.<\/p>\n<p data-start=\"293\" data-end=\"655\">If you are <em>a student, alumnus of TU Berlin, or employee of a Berlin university or college,<\/em> you can receive a discount when registering. To do so, we require appropriate proof, such as a student ID card, certificate of enrollment, employee ID card, or alumni certificate.<\/p>\n<p data-start=\"657\" data-end=\"701\">All others pay the regular course price.<\/p>\n<p>[\/et_pb_text][et_pb_text _builder_version=&#8220;4.16&#8243; _module_preset=&#8220;default&#8220; text_text_color=&#8220;#797979&#8243; text_font_size=&#8220;22px&#8220; custom_margin=&#8220;||50px||false|false&#8220; custom_margin_tablet=&#8220;||30px||false|false&#8220; custom_margin_phone=&#8220;&#8220; custom_margin_last_edited=&#8220;on|desktop&#8220; text_font_size_tablet=&#8220;18px&#8220; text_font_size_phone=&#8220;&#8220; text_font_size_last_edited=&#8220;on|tablet&#8220; global_colors_info=&#8220;{}&#8220;]<\/p>\n<p>Do you want to learn a new language? In our courses you can learn over 20 different languages - from Arabic to Turkish.<\/p>\n<p>[\/et_pb_text][et_pb_button button_url=&#8220;@ET-DC@eyJkeW5hbWljIjp0cnVlLCJjb250ZW50IjoicG9zdF9saW5rX3VybF9wYWdlIiwic2V0dGluZ3MiOnsicG9zdF9pZCI6Ijg3NSJ9fQ==@&#8220; button_text=&#8220;Zum aktuellen Kursangebot&#8220; admin_label=&#8220;Button&#8220; _builder_version=&#8220;4.16&#8243; _dynamic_attributes=&#8220;button_url&#8220; _module_preset=&#8220;default&#8220; custom_margin=&#8220;||50px||false|false&#8220; custom_margin_tablet=&#8220;||30px||false|false&#8220; custom_margin_phone=&#8220;&#8220; custom_margin_last_edited=&#8220;on|desktop&#8220; global_colors_info=&#8220;{}&#8220;][\/et_pb_button][\/et_pb_column][\/et_pb_row][et_pb_row _builder_version=&#8220;4.27.0&#8243; _module_preset=&#8220;default&#8220; global_colors_info=&#8220;{}&#8220;][et_pb_column type=&#8220;4_4&#8243; _builder_version=&#8220;4.27.0&#8243; _module_preset=&#8220;default&#8220; global_colors_info=&#8220;{}&#8220;][et_pb_text _builder_version=&#8220;4.27.0&#8243; _module_preset=&#8220;default&#8220; global_colors_info=&#8220;{}&#8220;]<\/p>\n<h3>Meinungen \u00fcber unsere Kurse<\/h3>\n<p>[\/et_pb_text][\/et_pb_column][\/et_pb_row][et_pb_row column_structure=&#8220;1_3,1_3,1_3&#8243; _builder_version=&#8220;4.24.2&#8243; _module_preset=&#8220;default&#8220; collapsed=&#8220;off&#8220; global_colors_info=&#8220;{}&#8220;][et_pb_column type=&#8220;1_3&#8243; _builder_version=&#8220;4.24.2&#8243; _module_preset=&#8220;default&#8220; global_colors_info=&#8220;{}&#8220;][et_pb_testimonial quote_icon_color=&#8220;#FFFFFF&#8220; quote_icon_background_color=&#8220;#C8D01C&#8220; _builder_version=&#8220;4.27.0&#8243; _module_preset=&#8220;default&#8220; global_colors_info=&#8220;{}&#8220;]<\/p>\n<p>I like the pace of the course. Different types of activities are combined. Themes around the culture and everyday life surrounding the language are also explained.<\/p>\n<p>[\/et_pb_testimonial][et_pb_testimonial quote_icon_color=&#8220;#FFFFFF&#8220; quote_icon_background_color=&#8220;#e23bcc&#8220; _builder_version=&#8220;4.27.0&#8243; _module_preset=&#8220;default&#8220; global_colors_info=&#8220;{}&#8220;]<\/p>\n<p>The teacher was extremely committed, and their friendly manner and enthusiasm created a very pleasant atmosphere in the course.<\/p>\n<p>[\/et_pb_testimonial][\/et_pb_column][et_pb_column type=&#8220;1_3&#8243; _builder_version=&#8220;4.24.2&#8243; _module_preset=&#8220;default&#8220; global_colors_info=&#8220;{}&#8220;][et_pb_testimonial quote_icon_color=&#8220;#FFFFFF&#8220; quote_icon_background_color=&#8220;#009BD1&#8243; _builder_version=&#8220;4.27.0&#8243; _module_preset=&#8220;default&#8220; global_colors_info=&#8220;{}&#8220;]<\/p>\n<p>The teacher is very committed, always extremely friendly and cordial and goes to great lengths to prepare and organise the lessons in an interesting and varied way.<\/p>\n<p>[\/et_pb_testimonial][et_pb_testimonial quote_icon_color=&#8220;#FFFFFF&#8220; quote_icon_background_color=&#8220;#f2d21f&#8220; _builder_version=&#8220;4.27.0&#8243; _module_preset=&#8220;default&#8220; global_colors_info=&#8220;{}&#8220;]<\/p>\n<p>I particularly enjoyed the mix of cultural and linguistic elements.<\/p>\n<p>[\/et_pb_testimonial][et_pb_text _builder_version=&#8220;4.27.0&#8243; _module_preset=&#8220;default&#8220; global_colors_info=&#8220;{}&#8220;][\/et_pb_text][\/et_pb_column][et_pb_column type=&#8220;1_3&#8243; _builder_version=&#8220;4.24.2&#8243; _module_preset=&#8220;default&#8220; global_colors_info=&#8220;{}&#8220;][et_pb_testimonial quote_icon_color=&#8220;#FFFFFF&#8220; quote_icon_background_color=&#8220;#902573&#8243; _builder_version=&#8220;4.27.0&#8243; _module_preset=&#8220;default&#8220; global_colors_info=&#8220;{}&#8220;]<\/p>\n<p>There is a great atmosphere in the course! The themes are also very interesting and a lot of information is covered. I learnt a lot and it was never boring!<\/p>\n<p>[\/et_pb_testimonial][et_pb_testimonial quote_icon_color=&#8220;#FFFFFF&#8220; quote_icon_background_color=&#8220;#dd491c&#8220; _builder_version=&#8220;4.27.0&#8243; _module_preset=&#8220;default&#8220; global_colors_info=&#8220;{}&#8220;]<\/p>\n<p>Was mir am meisten gefallen hat, sind der Humor und der Austausch.<\/p>\n<p>[\/et_pb_testimonial][\/et_pb_column][\/et_pb_row][et_pb_row _builder_version=&#8220;4.24.2&#8243; _module_preset=&#8220;default&#8220; global_colors_info=&#8220;{}&#8220;][et_pb_column type=&#8220;4_4&#8243; _builder_version=&#8220;4.24.2&#8243; _module_preset=&#8220;default&#8220; global_colors_info=&#8220;{}&#8220;][et_pb_text module_class=&#8220;content-list&#8220; _builder_version=&#8220;4.23.4&#8243; _module_preset=&#8220;default&#8220; header_3_font_size=&#8220;24px&#8220; custom_margin=&#8220;||50px||false|false&#8220; custom_margin_tablet=&#8220;||30px||false|false&#8220; custom_margin_phone=&#8220;&#8220; custom_margin_last_edited=&#8220;on|desktop&#8220; header_3_font_size_tablet=&#8220;22px&#8220; header_3_font_size_phone=&#8220;20px&#8220; header_3_font_size_last_edited=&#8220;on|desktop&#8220; global_colors_info=&#8220;{}&#8220;]<\/p>\n<h3>Courses online and in person<\/h3>\n<p>Our language courses take place in person or online. For the online courses, you will need a laptop with a camera and microphone and a stable internet connection. We use TU Berlin's Zoom and other digital tools to make the online courses interactive and varied. The face-to-face courses take place on the TU campus.<\/p>\n<p>&nbsp;<\/p>\n<p>[\/et_pb_text][et_pb_image src=&#8220;https:\/\/www.skb.tu-berlin.de\/wp-content\/uploads\/2022\/11\/Zoom.png&#8220; title_text=&#8220;Zoom&#8220; _builder_version=&#8220;4.17.6&#8243; _module_preset=&#8220;default&#8220; custom_margin=&#8220;||50px||false|false&#8220; custom_margin_tablet=&#8220;||30px||false|false&#8220; custom_margin_phone=&#8220;&#8220; custom_margin_last_edited=&#8220;on|desktop&#8220; global_colors_info=&#8220;{}&#8220;][\/et_pb_image][et_pb_text module_class=&#8220;content-list&#8220; _builder_version=&#8220;4.16&#8243; _module_preset=&#8220;default&#8220; header_3_font_size=&#8220;24px&#8220; custom_margin=&#8220;||50px||false|false&#8220; custom_margin_tablet=&#8220;||30px||false|false&#8220; custom_margin_phone=&#8220;&#8220; custom_margin_last_edited=&#8220;on|desktop&#8220; header_3_font_size_tablet=&#8220;22px&#8220; header_3_font_size_phone=&#8220;20px&#8220; header_3_font_size_last_edited=&#8220;on|desktop&#8220; global_colors_info=&#8220;{}&#8220;]<\/p>\n<h3>Learning a language at the SKB<\/h3>\n<p>All our language courses are led by native speakers. In small groups of four to a maximum of 14 participants, you will not only learn a new language, but also learn exciting things about the relative people, countries and cultures.<\/p>\n<p>We believe that learning should be fun! That's why we take care to create a pleasant, relaxed atmosphere in our courses. At the SKB, learning takes place at eye level. As a participant in our courses, you can and should actively participate, express your wishes and interests and give us feedback.<\/p>\n<p>The language courses are based on the levels of the Common European Framework of Reference (CEFR). Take a placement test with us to  find the right course level for you. Do you have a particular interest within your language learning path? We also offer special courses such as conversation courses, scientific language courses, cooking courses, film courses and much more.<\/p>\n<p>After having successfully completed a course with us you will receive a certificate of attendance. Unfortunately, the SKB cannot award any ECTS credit points. If you would like to have your participation recognized as a course credit, please contact your university in advance to find out whether our certificate of attendance will be recognized by them. Unfortunately, we have no influence on this.<\/p>\n<p>[\/et_pb_text][et_pb_text _builder_version=&#8220;4.23.4&#8243; _module_preset=&#8220;default&#8220; text_text_color=&#8220;#797979&#8243; text_font_size=&#8220;22px&#8220; text_font_size_tablet=&#8220;18px&#8220; text_font_size_phone=&#8220;&#8220; text_font_size_last_edited=&#8220;on|tablet&#8220; global_colors_info=&#8220;{}&#8220;]<\/p>\n<p>So,  are you up for a language course? <a href=\"https:\/\/www.skb.tu-berlin.de\/en\/language-learning\/current-courses\/\">Click here for our current course programme<\/a>.<\/p>\n<p>[\/et_pb_text][et_pb_text _builder_version=&#8220;4.16&#8243; _module_preset=&#8220;default&#8220; text_text_color=&#8220;#797979&#8243; text_font_size=&#8220;22px&#8220; text_font_size_tablet=&#8220;18px&#8220; text_font_size_phone=&#8220;&#8220; text_font_size_last_edited=&#8220;on|tablet&#8220; global_colors_info=&#8220;{}&#8220;]<\/p>\n<p class=\"translation-block\">A language course is not your thing? Then check out our other <a href=\"https:\/\/www.skb.tu-berlin.de\/en\/language-learning\/\" target=\"_self\">language learning options<\/a>!<\/p>\n<p>[\/et_pb_text][\/et_pb_column][\/et_pb_row][\/et_pb_section]<\/p>","protected":false},"excerpt":{"rendered":"<p><div class=\"et_pb_module lwp_divi_breadcrumbs lwp_divi_breadcrumbs_0\">\n\t\t\t\t\n\t\t\t\t\n\t\t\t\t\n\t\t\t\t\n\t\t\t\t\n\t\t\t\t\n\t\t\t\t<div class=\"et_pb_module_inner\">\n\t\t\t\t\t<div class=\"lwp-breadcrumbs\"> <span class=\"before\"><\/span> <span vocab=\"https:\/\/schema.org\/\" typeof=\"BreadcrumbList\"><span property=\"itemListElement\" typeof=\"ListItem\"><a property=\"item\" typeof=\"WebPage\" href=\"https:\/\/www.skb.tu-berlin.de\/en\/\" class=\"home\"><span property=\"name\">SKB<\/span><\/a><meta property=\"position\" content=\"1\"><\/span> <span class=\"separator et-pb-icon\">5<\/span> <\/span><\/div>\n\t\t\t\t<\/div>\n\t\t\t<\/div>Unsere Sprachkurse stehen allen Interessierten offen \u2013 unabh\u00e4ngig davon, ob du studierst, an einer Hochschule arbeitest oder nicht. Wenn du Student*in, Alumni der TU Berlin oder Mitarbeiter*in einer Berliner Universit\u00e4t oder Hochschule bist, kannst du bei der Anmeldung eine Erm\u00e4\u00dfigung erhalten. Daf\u00fcr ben\u00f6tigen [&hellip;]<\/p>","protected":false},"author":2,"featured_media":0,"parent":308,"menu_order":18,"comment_status":"closed","ping_status":"closed","template":"","meta":{"_et_pb_use_builder":"on","_et_pb_old_content":"<p>[et_pb_section fb_built=\"1\" _builder_version=\"4.8.1\" _module_preset=\"default\" custom_padding=\"0px||||false|false\"][et_pb_row _builder_version=\"4.8.1\" _module_preset=\"default\" custom_padding=\"40px||||false|false\" global_module=\"240\" saved_tabs=\"all\"][et_pb_column type=\"4_4\" _builder_version=\"4.8.1\" _module_preset=\"default\"][lwp_divi_breadcrumbs home_text=\"SKB\" font_icon=\"%%20%%\" link_color=\"#797979\" separator_color=\"#797979\" current_text_color=\"#797979\" _builder_version=\"4.8.1\" _module_preset=\"default\" module_font_size=\"14px\" link_color__hover_enabled=\"on|desktop\" link_color__hover=\"#009BD1\"][\/lwp_divi_breadcrumbs][\/et_pb_column][\/et_pb_row][et_pb_row module_class=\"sm\" _builder_version=\"4.8.1\" _module_preset=\"default\" max_width=\"992px\"][et_pb_column type=\"4_4\" _builder_version=\"4.8.1\" _module_preset=\"default\"][et_pb_text admin_label=\"Title\" _builder_version=\"4.8.1\" _dynamic_attributes=\"content\" _module_preset=\"default\" custom_margin=\"||65px||false|false\" custom_margin_tablet=\"||30px||false|false\" custom_margin_phone=\"\" custom_margin_last_edited=\"on|tablet\"]@ET-DC@eyJkeW5hbWljIjp0cnVlLCJjb250ZW50IjoicG9zdF90aXRsZSIsInNldHRpbmdzIjp7ImJlZm9yZSI6IjxoMT4iLCJhZnRlciI6IjwvaDE+In19@[\/et_pb_text][et_pb_image src=\"https:\/\/www.skb.tu-berlin.de\/wp-content\/uploads\/2021\/01\/skb_blog_01.jpg\" title_text=\"skb_blog_01\" _builder_version=\"4.8.1\" _module_preset=\"default\" custom_margin=\"||65px||false|false\" custom_margin_tablet=\"||30px||false|false\" custom_margin_phone=\"\" custom_margin_last_edited=\"on|tablet\"][\/et_pb_image][et_pb_text _builder_version=\"4.8.1\" _module_preset=\"default\" text_text_color=\"#797979\" text_font_size=\"22px\" text_font_size_tablet=\"18px\" text_font_size_phone=\"\" text_font_size_last_edited=\"on|tablet\"]<\/p><p>Hast du Lust, eine neue Sprache zu lernen? In unseren Kursen kannst du \u00fcber 25 verschiedene Sprachen lernen \u2013 von Arabisch bis Vietnamesisch.<\/p><p>[\/et_pb_text][et_pb_button button_url=\"#\" button_text=\"Zum aktuellen Kursangebot\" _builder_version=\"4.8.1\" _module_preset=\"default\"][\/et_pb_button][et_pb_text module_class=\"content-list\" _builder_version=\"4.8.1\" _module_preset=\"default\" header_3_font_size=\"24px\" custom_margin=\"50px||||false|false\" custom_margin_tablet=\"0px||||false|false\" custom_margin_phone=\"\" custom_margin_last_edited=\"on|desktop\" header_3_font_size_tablet=\"22px\" header_3_font_size_phone=\"20px\" header_3_font_size_last_edited=\"on|desktop\"]<\/p><p>Im Moment finden aufgrund der Ansteckungsgefahr mit COVID-19 alle Kurse online statt. Wenn es die allgemeine Situation wieder zul\u00e4sst, werden wir auch wieder Pr\u00e4senzkurse in den R\u00e4umen der TU Berlin abhalten.<\/p><ul><li><a href=\"#\">Mehr Informationen zu Online-Kursen gibt es hier<\/a><\/li><\/ul><p>[\/et_pb_text][et_pb_text module_class=\"content-list\" _builder_version=\"4.9.2\" _module_preset=\"default\" header_3_font_size=\"24px\" custom_margin=\"50px||||false|false\" custom_margin_tablet=\"0px||||false|false\" custom_margin_phone=\"\" custom_margin_last_edited=\"on|desktop\" hover_enabled=\"0\" header_3_font_size_tablet=\"22px\" header_3_font_size_phone=\"20px\" header_3_font_size_last_edited=\"on|desktop\" sticky_enabled=\"0\"]<\/p><p>Bist du Student*in, TU-Alumn@ oder Mitarbeiter*in einer der Berliner Unis und Hochschulen? Dann kannst du unsere Kurse besuchen. W\u00e4hrend der Vorlesungszeit finden die meisten Kurse ein- bis zweimal pro Woche abends statt, in den Semesterferien gibt es k\u00fcrzere Intensiv- oder Semi-Intensivkurse.<\/p><p>[\/et_pb_text][et_pb_text module_class=\"content-list\" _builder_version=\"4.8.1\" _module_preset=\"default\" header_3_font_size=\"24px\" custom_margin=\"50px||||false|false\" custom_margin_tablet=\"0px||||false|false\" custom_margin_phone=\"\" custom_margin_last_edited=\"on|desktop\" header_3_font_size_tablet=\"22px\" header_3_font_size_phone=\"20px\" header_3_font_size_last_edited=\"on|desktop\"]<\/p><p>Alle Sprachkurse werden von Muttersprachler*innen angeleitet. In kleinen Gruppen von normalerweise vier bis zw\u00f6lf Teilnehmer*innen lernst du nicht nur eine neue Sprache, sondern erf\u00e4hrst auch Spannendes \u00fcber Menschen, L\u00e4nder und Kulturen.<\/p><p>Wir finden: Lernen soll Spa\u00df machen! Deshalb bem\u00fchen wir uns um eine angenehme, lockere Atmosph\u00e4re in unseren Kursen. Lernen findet bei uns auf Augenh\u00f6he statt. Als Teilnehmer*in in unseren Kursen kannst und sollst du dich aktiv einbringen, deine W\u00fcnsche und Interessen \u00e4u\u00dfern und uns gern Feedback geben.<\/p><p>Unsere Kursniveaus orientieren sich an den Niveaus des Gemeinsamen europ\u00e4ischen Referenzrahmen (GER). Neben den Kursen f\u00fcr Anf\u00e4nger*innen und Fortgeschrittene findest du bei uns auch Angebote f\u00fcr Konversationskurse, Kurse f\u00fcr Wissenschaftssprache, Kochkurse, Filmkurse etc.<\/p><p>Nach erfolgreichem Abschlusses des Kurses erh\u00e4ltst du ein Teilnahmezertifikat. Wir k\u00f6nnen f\u00fcr die Kursteilnahme leider keine Credit-Points vergeben. Wenn du die Teilnahme als Studienleistung anerkennen m\u00f6chtest, erkundige dich bitte unbedingt vorab bei deiner Universit\u00e4t, ob der Kursteilnahme anerkannt wird.<\/p><p>[\/et_pb_text][\/et_pb_column][\/et_pb_row][\/et_pb_section]<\/p>","_et_gb_content_width":"","inline_featured_image":false,"footnotes":""},"class_list":["post-498","page","type-page","status-publish","hentry"],"yoast_head":"<!-- This site is optimized with the Yoast SEO plugin v26.1.1 - https:\/\/yoast.com\/wordpress\/plugins\/seo\/ -->\n<title>SKB | Sprachkurse<\/title>\n<meta name=\"description\" content=\"Sprachkurse f\u00fcr Studierende aus aller Welt - Deutsch als Fremdsprache und andere Sprachen lernen an der TU Berlin - Online- und Pr\u00e4senzkurse\" \/>\n<meta name=\"robots\" content=\"index, follow, max-snippet:-1, max-image-preview:large, max-video-preview:-1\" \/>\n<link rel=\"canonical\" href=\"https:\/\/www.skb.tu-berlin.de\/en\/language-learning\/language-courses\/\" \/>\n<meta property=\"og:locale\" content=\"en_US\" \/>\n<meta property=\"og:type\" content=\"article\" \/>\n<meta property=\"og:title\" content=\"SKB | Sprachkurse\" \/>\n<meta property=\"og:description\" content=\"Sprachkurse f\u00fcr Studierende aus aller Welt - Deutsch als Fremdsprache und andere Sprachen lernen an der TU Berlin - Online- und Pr\u00e4senzkurse\" \/>\n<meta property=\"og:url\" content=\"https:\/\/www.skb.tu-berlin.de\/en\/language-learning\/language-courses\/\" \/>\n<meta property=\"og:site_name\" content=\"SKB\" \/>\n<meta property=\"article:modified_time\" content=\"2025-09-08T10:43:49+00:00\" \/>\n<meta name=\"twitter:card\" content=\"summary_large_image\" \/>\n<script type=\"application\/ld+json\" class=\"yoast-schema-graph\">{\"@context\":\"https:\/\/schema.org\",\"@graph\":[{\"@type\":\"WebPage\",\"@id\":\"https:\/\/www.skb.tu-berlin.de\/sprachenlernen\/sprachkurse\/\",\"url\":\"https:\/\/www.skb.tu-berlin.de\/sprachenlernen\/sprachkurse\/\",\"name\":\"SKB | Sprachkurse\",\"isPartOf\":{\"@id\":\"https:\/\/www.skb.tu-berlin.de\/#website\"},\"datePublished\":\"2021-02-14T18:26:50+00:00\",\"dateModified\":\"2025-09-08T10:43:49+00:00\",\"description\":\"Sprachkurse f\u00fcr Studierende aus aller Welt - Deutsch als Fremdsprache und andere Sprachen lernen an der TU Berlin - Online- und Pr\u00e4senzkurse\",\"breadcrumb\":{\"@id\":\"https:\/\/www.skb.tu-berlin.de\/sprachenlernen\/sprachkurse\/#breadcrumb\"},\"inLanguage\":\"en-US\",\"potentialAction\":[{\"@type\":\"ReadAction\",\"target\":[\"https:\/\/www.skb.tu-berlin.de\/sprachenlernen\/sprachkurse\/\"]}]},{\"@type\":\"BreadcrumbList\",\"@id\":\"https:\/\/www.skb.tu-berlin.de\/sprachenlernen\/sprachkurse\/#breadcrumb\",\"itemListElement\":[{\"@type\":\"ListItem\",\"position\":1,\"name\":\"SKB\",\"item\":\"https:\/\/www.skb.tu-berlin.de\/\"},{\"@type\":\"ListItem\",\"position\":2,\"name\":\"Sprachenlernen\",\"item\":\"https:\/\/www.skb.tu-berlin.de\/sprachenlernen\/\"},{\"@type\":\"ListItem\",\"position\":3,\"name\":\"Sprachkurse\"}]},{\"@type\":\"WebSite\",\"@id\":\"https:\/\/www.skb.tu-berlin.de\/#website\",\"url\":\"https:\/\/www.skb.tu-berlin.de\/\",\"name\":\"SKB\",\"description\":\"Sprach- und Kulturb\u00f6rse TU Berlin\",\"potentialAction\":[{\"@type\":\"SearchAction\",\"target\":{\"@type\":\"EntryPoint\",\"urlTemplate\":\"https:\/\/www.skb.tu-berlin.de\/?s={search_term_string}\"},\"query-input\":{\"@type\":\"PropertyValueSpecification\",\"valueRequired\":true,\"valueName\":\"search_term_string\"}}],\"inLanguage\":\"en-US\"}]}<\/script>\n<!-- \/ Yoast SEO plugin. -->","yoast_head_json":{"title":"SKB | Language courses","description":"Language courses for students from all over the world - Learn German as a foreign language and other languages at the TU Berlin - online and face-to-face courses","robots":{"index":"index","follow":"follow","max-snippet":"max-snippet:-1","max-image-preview":"max-image-preview:large","max-video-preview":"max-video-preview:-1"},"canonical":"https:\/\/www.skb.tu-berlin.de\/en\/language-learning\/language-courses\/","og_locale":"en_US","og_type":"article","og_title":"SKB | Sprachkurse","og_description":"Sprachkurse f\u00fcr Studierende aus aller Welt - Deutsch als Fremdsprache und andere Sprachen lernen an der TU Berlin - Online- und Pr\u00e4senzkurse","og_url":"https:\/\/www.skb.tu-berlin.de\/en\/language-learning\/language-courses\/","og_site_name":"SKB","article_modified_time":"2025-09-08T10:43:49+00:00","twitter_card":"summary_large_image","schema":{"@context":"https:\/\/schema.org","@graph":[{"@type":"WebPage","@id":"https:\/\/www.skb.tu-berlin.de\/sprachenlernen\/sprachkurse\/","url":"https:\/\/www.skb.tu-berlin.de\/sprachenlernen\/sprachkurse\/","name":"SKB | Language courses","isPartOf":{"@id":"https:\/\/www.skb.tu-berlin.de\/#website"},"datePublished":"2021-02-14T18:26:50+00:00","dateModified":"2025-09-08T10:43:49+00:00","description":"Language courses for students from all over the world - Learn German as a foreign language and other languages at the TU Berlin - online and face-to-face courses","breadcrumb":{"@id":"https:\/\/www.skb.tu-berlin.de\/sprachenlernen\/sprachkurse\/#breadcrumb"},"inLanguage":"en-US","potentialAction":[{"@type":"ReadAction","target":["https:\/\/www.skb.tu-berlin.de\/sprachenlernen\/sprachkurse\/"]}]},{"@type":"BreadcrumbList","@id":"https:\/\/www.skb.tu-berlin.de\/sprachenlernen\/sprachkurse\/#breadcrumb","itemListElement":[{"@type":"ListItem","position":1,"name":"SKB","item":"https:\/\/www.skb.tu-berlin.de\/"},{"@type":"ListItem","position":2,"name":"Sprachenlernen","item":"https:\/\/www.skb.tu-berlin.de\/sprachenlernen\/"},{"@type":"ListItem","position":3,"name":"Sprachkurse"}]},{"@type":"WebSite","@id":"https:\/\/www.skb.tu-berlin.de\/#website","url":"https:\/\/www.skb.tu-berlin.de\/","name":"SKB","description":"Language and Culture Exchange TU Berlin","potentialAction":[{"@type":"SearchAction","target":{"@type":"EntryPoint","urlTemplate":"https:\/\/www.skb.tu-berlin.de\/?s={search_term_string}"},"query-input":{"@type":"PropertyValueSpecification","valueRequired":true,"valueName":"search_term_string"}}],"inLanguage":"en-US"}]}},"_links":{"self":[{"href":"https:\/\/www.skb.tu-berlin.de\/en\/wp-json\/wp\/v2\/pages\/498","targetHints":{"allow":["GET"]}}],"collection":[{"href":"https:\/\/www.skb.tu-berlin.de\/en\/wp-json\/wp\/v2\/pages"}],"about":[{"href":"https:\/\/www.skb.tu-berlin.de\/en\/wp-json\/wp\/v2\/types\/page"}],"author":[{"embeddable":true,"href":"https:\/\/www.skb.tu-berlin.de\/en\/wp-json\/wp\/v2\/users\/2"}],"replies":[{"embeddable":true,"href":"https:\/\/www.skb.tu-berlin.de\/en\/wp-json\/wp\/v2\/comments?post=498"}],"version-history":[{"count":1,"href":"https:\/\/www.skb.tu-berlin.de\/en\/wp-json\/wp\/v2\/pages\/498\/revisions"}],"predecessor-version":[{"id":35089,"href":"https:\/\/www.skb.tu-berlin.de\/en\/wp-json\/wp\/v2\/pages\/498\/revisions\/35089"}],"up":[{"embeddable":true,"href":"https:\/\/www.skb.tu-berlin.de\/en\/wp-json\/wp\/v2\/pages\/308"}],"wp:attachment":[{"href":"https:\/\/www.skb.tu-berlin.de\/en\/wp-json\/wp\/v2\/media?parent=498"}],"curies":[{"name":"wp","href":"https:\/\/api.w.org\/{rel}","templated":true}]}}