{"id":509,"date":"2021-02-14T19:10:33","date_gmt":"2021-02-14T19:10:33","guid":{"rendered":"http:\/\/amitos30.sg-host.com\/?page_id=509"},"modified":"2026-01-03T08:02:34","modified_gmt":"2026-01-03T06:02:34","slug":"private-lessons","status":"publish","type":"page","link":"https:\/\/www.skb.tu-berlin.de\/en\/language-learning\/private-lessons\/","title":{"rendered":"Private lessons"},"content":{"rendered":"<p>[et_pb_section fb_built=&#8220;1&#8243; _builder_version=&#8220;4.16&#8243; _module_preset=&#8220;default&#8220; custom_padding=&#8220;0px||||false|false&#8220; global_colors_info=&#8220;{}&#8220;][et_pb_row admin_label=&#8220;Zeile&#8220; _builder_version=&#8220;4.25.2&#8243; _module_preset=&#8220;default&#8220; custom_padding=&#8220;40px||||false|false&#8220; global_module=&#8220;240&#8243; saved_tabs=&#8220;all&#8220; collapsed=&#8220;off&#8220; global_colors_info=&#8220;{}&#8220;][et_pb_column type=&#8220;4_4&#8243; _builder_version=&#8220;4.16&#8243; _module_preset=&#8220;default&#8220; global_colors_info=&#8220;{}&#8220;][lwp_divi_breadcrumbs home_text=&#8220;SKB&#8220; font_icon=&#8220;&#x35;||divi||400&#8243; link_color=&#8220;#797979&#8243; separator_color=&#8220;#797979&#8243; current_text_color=&#8220;#797979&#8243; _builder_version=&#8220;4.16&#8243; _module_preset=&#8220;default&#8220; global_colors_info=&#8220;{}&#8220; link_color__hover_enabled=&#8220;on|desktop&#8220; link_color__hover=&#8220;#009BD1&#8243;][\/lwp_divi_breadcrumbs][\/et_pb_column][\/et_pb_row][et_pb_row module_class=&#8220;sm&#8220; _builder_version=&#8220;4.16&#8243; _module_preset=&#8220;default&#8220; max_width=&#8220;992px&#8220; global_colors_info=&#8220;{}&#8220;][et_pb_column type=&#8220;4_4&#8243; _builder_version=&#8220;4.16&#8243; _module_preset=&#8220;default&#8220; global_colors_info=&#8220;{}&#8220;][et_pb_text admin_label=&#8220;Title&#8220; _builder_version=&#8220;4.16&#8243; _dynamic_attributes=&#8220;content&#8220; _module_preset=&#8220;default&#8220; custom_margin=&#8220;||50px||false|false&#8220; custom_margin_tablet=&#8220;||30px||false|false&#8220; custom_margin_phone=&#8220;&#8220; custom_margin_last_edited=&#8220;on|desktop&#8220; global_colors_info=&#8220;{}&#8220;]@ET-DC@eyJkeW5hbWljIjp0cnVlLCJjb250ZW50IjoicG9zdF90aXRsZSIsInNldHRpbmdzIjp7ImJlZm9yZSI6IjxoMT4iLCJhZnRlciI6IjwvaDE+In19@[\/et_pb_text][et_pb_text _builder_version=&#8220;4.16&#8243; _module_preset=&#8220;default&#8220; text_text_color=&#8220;#797979&#8243; text_font_size=&#8220;22px&#8220; custom_margin=&#8220;||50px||false|false&#8220; custom_margin_tablet=&#8220;||30px||false|false&#8220; custom_margin_phone=&#8220;&#8220; custom_margin_last_edited=&#8220;on|desktop&#8220; text_font_size_tablet=&#8220;18px&#8220; text_font_size_phone=&#8220;&#8220; text_font_size_last_edited=&#8220;on|tablet&#8220; global_colors_info=&#8220;{}&#8220;]<\/p>\n<p>Do you need intensive support in learning a language? Do you have special interests that you would like to explore more thoroughly? Do our language course dates not suit you? Or do you simply not like group lessons? Then private lessons could be of interest to you.<\/p>\n<p>[\/et_pb_text][et_pb_image src=&#8220;https:\/\/www.skb.tu-berlin.de\/wp-content\/uploads\/2023\/08\/DSC0230-Recovered2.png&#8220; title_text=&#8220;_DSC0230-Recovered2&#8243; _builder_version=&#8220;4.21.0&#8243; _module_preset=&#8220;default&#8220; custom_margin=&#8220;||50px||false|false&#8220; custom_margin_tablet=&#8220;||30px||false|false&#8220; custom_margin_phone=&#8220;&#8220; custom_margin_last_edited=&#8220;on|desktop&#8220; global_colors_info=&#8220;{}&#8220;][\/et_pb_image][et_pb_text _builder_version=&#8220;4.27.4&#8243; _module_preset=&#8220;default&#8220; custom_margin=&#8220;||50px||false|false&#8220; custom_margin_tablet=&#8220;||30px||false|false&#8220; custom_margin_phone=&#8220;&#8220; custom_margin_last_edited=&#8220;on|desktop&#8220; custom_padding=&#8220;1px|||||&#8220; hover_enabled=&#8220;0&#8243; global_colors_info=&#8220;{}&#8220; sticky_enabled=&#8220;0&#8243;]<\/p>\n<p>We arrange private lessons (one-on-one or in pairs) for the following languages:<\/p>\n<p>&nbsp;<\/p>\n<ul>\n<li>Arabic<\/li>\n<li>German<\/li>\n<li>English<\/li>\n<li>Finnish<\/li>\n<li>French<\/li>\n<li>Greek<\/li>\n<li>Hindi<\/li>\n<li>Italian<\/li>\n<li>Japanese<\/li>\n<li>Persian<\/li>\n<li>Polish<\/li>\n<li>Portuguese<\/li>\n<li>Spanish<\/li>\n<li>Thai<\/li>\n<\/ul>\n<p>[\/et_pb_text][et_pb_text _builder_version=&#8220;4.16&#8243; _module_preset=&#8220;default&#8220; custom_margin=&#8220;||50px||false|false&#8220; custom_margin_tablet=&#8220;||30px||false|false&#8220; custom_margin_phone=&#8220;&#8220; custom_margin_last_edited=&#8220;on|desktop&#8220; global_colors_info=&#8220;{}&#8220;]<\/p>\n<h3>How do private lessons work<\/h3>\n<p>If you want to take private lessons, <a href=\"https:\/\/www.skb.tu-berlin.de\/en\/contact\/\">send us an e-mail<\/a>. Please provide us with the following information so that we can forward your request to the right language teacher:<\/p>\n<ul>\n<li>Which language do you want to learn?<\/li>\n<li>What language level do you have and what level would you like to reach?<\/li>\n<li>Would you like to go further into certain topics\/areas in particular (e.g. conversation, writing, grammar)?<\/li>\n<li>How many lessons would you like to take? How long should each appointment be? When and how often per week should the lessons ideally take place?<\/li>\n<li>Where would you like the private lessons to take place (at your home, in a caf\u00e9, online)?<\/li>\n<\/ul>\n<p>After one to two weeks, a language teacher will contact you and you can discuss all further details.<\/p>\n<p>[\/et_pb_text][et_pb_text _builder_version=&#8220;4.16&#8243; _module_preset=&#8220;default&#8220; custom_margin=&#8220;||50px||false|false&#8220; custom_margin_tablet=&#8220;||30px||false|false&#8220; custom_margin_phone=&#8220;&#8220; custom_margin_last_edited=&#8220;on|desktop&#8220; hover_enabled=&#8220;0&#8243; global_colors_info=&#8220;{}&#8220; sticky_enabled=&#8220;0&#8243;]<\/p>\n<h3>Important information!<\/h3>\n<ul>\n<li>You come to a (verbal or written) agreement for private lessons directly with the teacher and not with SKB.<\/li>\n<li>Private lessons cannot take place in the classrooms of the TU! You will not get a TU certificate!<\/li>\n<li>Private lessonscan be offered to <span>students from all over the world, employees of Berlin's universities and members of the <a href=\"https:\/\/portal.alumni.tu-berlin.de\/de\/login\">TU Alumni Programs<\/a>.<\/span><\/li>\n<li>You negotiate all conditions (dates, learning goals, price, material, etc.) with your teacher individually.<\/li>\n<li>Be sure to discuss until when you or your teacher can cancel an appointment.<\/li>\n<li>Make sure to clarify before whether there are any additional costs for travel time and\/or materials besides the cost per appointment.<\/li>\n<\/ul>\n<p>The following points are approximate guidelines (but you can agree on different rules with the teacher):<\/p>\n<p>&nbsp;<\/p>\n<ul>\n<li>Price per lesson unit (45 minutes): 25-35\u20ac or 20\u20ac per person in a group of two<\/li>\n<li>minimum number of lesson units: 6<\/li>\n<li>Private lessons for two are only possible if both people have approximately the same language level and would like to focus on the same topics\/areas.<\/li>\n<\/ul>\n<p>[\/et_pb_text][et_pb_text _builder_version=&#8220;4.16&#8243; _module_preset=&#8220;default&#8220; text_text_color=&#8220;#797979&#8243; text_font_size=&#8220;22px&#8220; hover_enabled=&#8220;0&#8243; text_font_size_tablet=&#8220;18px&#8220; text_font_size_phone=&#8220;&#8220; text_font_size_last_edited=&#8220;on|tablet&#8220; global_colors_info=&#8220;{}&#8220; sticky_enabled=&#8220;0&#8243;]<\/p>\n<p>Are you interested? Then write us an <a href=\"https:\/\/www.skb.tu-berlin.de\/en\/contact\/\">Email<\/a>.<\/p>\n<p>[\/et_pb_text][et_pb_text _builder_version=&#8220;4.16&#8243; _module_preset=&#8220;default&#8220; text_text_color=&#8220;#797979&#8243; text_font_size=&#8220;22px&#8220; hover_enabled=&#8220;0&#8243; text_font_size_tablet=&#8220;18px&#8220; text_font_size_phone=&#8220;&#8220; text_font_size_last_edited=&#8220;on|tablet&#8220; global_colors_info=&#8220;{}&#8220; sticky_enabled=&#8220;0&#8243;]<\/p>\n<p>Have you already had an experience with private lessons at the SKB? Then we would be pleased if you recommended us on <a href=\"https:\/\/www.facebook.com\/Sprach.und.Kulturboerse\/\" target=\"_blank\" rel=\"noopener\">Facebook<\/a> to your friends.<\/p>\n<p>[\/et_pb_text][et_pb_text _builder_version=&#8220;4.16&#8243; _module_preset=&#8220;default&#8220; text_text_color=&#8220;#797979&#8243; text_font_size=&#8220;22px&#8220; hover_enabled=&#8220;0&#8243; text_font_size_tablet=&#8220;18px&#8220; text_font_size_phone=&#8220;&#8220; text_font_size_last_edited=&#8220;on|tablet&#8220; global_colors_info=&#8220;{}&#8220; sticky_enabled=&#8220;0&#8243;]<\/p>\n<p>Private lessons are not really your thing? Then take a look at our other options for <a href=\"https:\/\/www.skb.tu-berlin.de\/en\/language-learning\/\">learning a language<\/a> !<\/p>\n<p>[\/et_pb_text][\/et_pb_column][\/et_pb_row][\/et_pb_section]<\/p>","protected":false},"excerpt":{"rendered":"<p><div class=\"et_pb_module lwp_divi_breadcrumbs lwp_divi_breadcrumbs_0\">\n\t\t\t\t\n\t\t\t\t\n\t\t\t\t\n\t\t\t\t\n\t\t\t\t\n\t\t\t\t\n\t\t\t\t<div class=\"et_pb_module_inner\">\n\t\t\t\t\t<div class=\"lwp-breadcrumbs\"> <span class=\"before\"><\/span> <span vocab=\"https:\/\/schema.org\/\" typeof=\"BreadcrumbList\"><span property=\"itemListElement\" typeof=\"ListItem\"><a property=\"item\" typeof=\"WebPage\" href=\"https:\/\/www.skb.tu-berlin.de\/en\/\" class=\"home\"><span property=\"name\">SKB<\/span><\/a><meta property=\"position\" content=\"1\"><\/span> <span class=\"separator et-pb-icon\">5<\/span> <\/span><\/div>\n\t\t\t\t<\/div>\n\t\t\t<\/div>Brauchst du eine intensive Begleitung beim Sprachenlernen? Hast du vielleicht besondere Schwerpunkte, die du individuell vertiefen m\u00f6chtest? Passen dir die Termine unserer Sprachkurse nicht? Oder magst du einfach keinen Gruppenunterricht? Dann k\u00f6nnte Privatunterricht f\u00fcr dich interessant sein.Wir vermitteln Privatunterricht (Einzelunterricht oder zu zweit) f\u00fcr folgende [&hellip;]<\/p>","protected":false},"author":2,"featured_media":0,"parent":308,"menu_order":17,"comment_status":"closed","ping_status":"closed","template":"","meta":{"_et_pb_use_builder":"on","_et_pb_old_content":"","_et_gb_content_width":"","inline_featured_image":false,"footnotes":""},"class_list":["post-509","page","type-page","status-publish","hentry"],"yoast_head":"<!-- This site is optimized with the Yoast SEO plugin v26.1.1 - https:\/\/yoast.com\/wordpress\/plugins\/seo\/ -->\n<title>SKB | Privatunterricht<\/title>\n<meta name=\"description\" content=\"Die Sprach- und Kulturb\u00f6rse der TU Berlin vermittelt f\u00fcr bestimmte Sprachen Privatunterricht an unsere Sprachlehrer*innen.\" \/>\n<meta name=\"robots\" content=\"index, follow, max-snippet:-1, max-image-preview:large, max-video-preview:-1\" \/>\n<link rel=\"canonical\" href=\"https:\/\/www.skb.tu-berlin.de\/en\/language-learning\/private-lessons\/\" \/>\n<meta property=\"og:locale\" content=\"en_US\" \/>\n<meta property=\"og:type\" content=\"article\" \/>\n<meta property=\"og:title\" content=\"SKB | Privatunterricht\" \/>\n<meta property=\"og:description\" content=\"Die Sprach- und Kulturb\u00f6rse der TU Berlin vermittelt f\u00fcr bestimmte Sprachen Privatunterricht an unsere Sprachlehrer*innen.\" \/>\n<meta property=\"og:url\" content=\"https:\/\/www.skb.tu-berlin.de\/en\/language-learning\/private-lessons\/\" \/>\n<meta property=\"og:site_name\" content=\"SKB\" \/>\n<meta property=\"article:modified_time\" content=\"2026-01-03T06:02:34+00:00\" \/>\n<meta name=\"twitter:card\" content=\"summary_large_image\" \/>\n<script type=\"application\/ld+json\" class=\"yoast-schema-graph\">{\"@context\":\"https:\/\/schema.org\",\"@graph\":[{\"@type\":\"WebPage\",\"@id\":\"https:\/\/www.skb.tu-berlin.de\/sprachenlernen\/privatunterricht\/\",\"url\":\"https:\/\/www.skb.tu-berlin.de\/sprachenlernen\/privatunterricht\/\",\"name\":\"SKB | Privatunterricht\",\"isPartOf\":{\"@id\":\"https:\/\/www.skb.tu-berlin.de\/#website\"},\"datePublished\":\"2021-02-14T19:10:33+00:00\",\"dateModified\":\"2026-01-03T06:02:34+00:00\",\"description\":\"Die Sprach- und Kulturb\u00f6rse der TU Berlin vermittelt f\u00fcr bestimmte Sprachen Privatunterricht an unsere Sprachlehrer*innen.\",\"breadcrumb\":{\"@id\":\"https:\/\/www.skb.tu-berlin.de\/sprachenlernen\/privatunterricht\/#breadcrumb\"},\"inLanguage\":\"en-US\",\"potentialAction\":[{\"@type\":\"ReadAction\",\"target\":[\"https:\/\/www.skb.tu-berlin.de\/sprachenlernen\/privatunterricht\/\"]}]},{\"@type\":\"BreadcrumbList\",\"@id\":\"https:\/\/www.skb.tu-berlin.de\/sprachenlernen\/privatunterricht\/#breadcrumb\",\"itemListElement\":[{\"@type\":\"ListItem\",\"position\":1,\"name\":\"SKB\",\"item\":\"https:\/\/www.skb.tu-berlin.de\/\"},{\"@type\":\"ListItem\",\"position\":2,\"name\":\"Sprachenlernen\",\"item\":\"https:\/\/www.skb.tu-berlin.de\/sprachenlernen\/\"},{\"@type\":\"ListItem\",\"position\":3,\"name\":\"Privatunterricht\"}]},{\"@type\":\"WebSite\",\"@id\":\"https:\/\/www.skb.tu-berlin.de\/#website\",\"url\":\"https:\/\/www.skb.tu-berlin.de\/\",\"name\":\"SKB\",\"description\":\"Sprach- und Kulturb\u00f6rse TU Berlin\",\"potentialAction\":[{\"@type\":\"SearchAction\",\"target\":{\"@type\":\"EntryPoint\",\"urlTemplate\":\"https:\/\/www.skb.tu-berlin.de\/?s={search_term_string}\"},\"query-input\":{\"@type\":\"PropertyValueSpecification\",\"valueRequired\":true,\"valueName\":\"search_term_string\"}}],\"inLanguage\":\"en-US\"}]}<\/script>\n<!-- \/ Yoast SEO plugin. -->","yoast_head_json":{"title":"SKB | Private lessons","description":"The TU Berlin Language and Culture Exchange arranges private lessons for certain languages with our language teachers.","robots":{"index":"index","follow":"follow","max-snippet":"max-snippet:-1","max-image-preview":"max-image-preview:large","max-video-preview":"max-video-preview:-1"},"canonical":"https:\/\/www.skb.tu-berlin.de\/en\/language-learning\/private-lessons\/","og_locale":"en_US","og_type":"article","og_title":"SKB | Privatunterricht","og_description":"Die Sprach- und Kulturb\u00f6rse der TU Berlin vermittelt f\u00fcr bestimmte Sprachen Privatunterricht an unsere Sprachlehrer*innen.","og_url":"https:\/\/www.skb.tu-berlin.de\/en\/language-learning\/private-lessons\/","og_site_name":"SKB","article_modified_time":"2026-01-03T06:02:34+00:00","twitter_card":"summary_large_image","schema":{"@context":"https:\/\/schema.org","@graph":[{"@type":"WebPage","@id":"https:\/\/www.skb.tu-berlin.de\/sprachenlernen\/privatunterricht\/","url":"https:\/\/www.skb.tu-berlin.de\/sprachenlernen\/privatunterricht\/","name":"SKB | Private lessons","isPartOf":{"@id":"https:\/\/www.skb.tu-berlin.de\/#website"},"datePublished":"2021-02-14T19:10:33+00:00","dateModified":"2026-01-03T06:02:34+00:00","description":"The TU Berlin Language and Culture Exchange arranges private lessons for certain languages with our language teachers.","breadcrumb":{"@id":"https:\/\/www.skb.tu-berlin.de\/sprachenlernen\/privatunterricht\/#breadcrumb"},"inLanguage":"en-US","potentialAction":[{"@type":"ReadAction","target":["https:\/\/www.skb.tu-berlin.de\/sprachenlernen\/privatunterricht\/"]}]},{"@type":"BreadcrumbList","@id":"https:\/\/www.skb.tu-berlin.de\/sprachenlernen\/privatunterricht\/#breadcrumb","itemListElement":[{"@type":"ListItem","position":1,"name":"SKB","item":"https:\/\/www.skb.tu-berlin.de\/"},{"@type":"ListItem","position":2,"name":"Sprachenlernen","item":"https:\/\/www.skb.tu-berlin.de\/sprachenlernen\/"},{"@type":"ListItem","position":3,"name":"Privatunterricht"}]},{"@type":"WebSite","@id":"https:\/\/www.skb.tu-berlin.de\/#website","url":"https:\/\/www.skb.tu-berlin.de\/","name":"SKB","description":"Language and Culture Exchange TU Berlin","potentialAction":[{"@type":"SearchAction","target":{"@type":"EntryPoint","urlTemplate":"https:\/\/www.skb.tu-berlin.de\/?s={search_term_string}"},"query-input":{"@type":"PropertyValueSpecification","valueRequired":true,"valueName":"search_term_string"}}],"inLanguage":"en-US"}]}},"_links":{"self":[{"href":"https:\/\/www.skb.tu-berlin.de\/en\/wp-json\/wp\/v2\/pages\/509","targetHints":{"allow":["GET"]}}],"collection":[{"href":"https:\/\/www.skb.tu-berlin.de\/en\/wp-json\/wp\/v2\/pages"}],"about":[{"href":"https:\/\/www.skb.tu-berlin.de\/en\/wp-json\/wp\/v2\/types\/page"}],"author":[{"embeddable":true,"href":"https:\/\/www.skb.tu-berlin.de\/en\/wp-json\/wp\/v2\/users\/2"}],"replies":[{"embeddable":true,"href":"https:\/\/www.skb.tu-berlin.de\/en\/wp-json\/wp\/v2\/comments?post=509"}],"version-history":[{"count":4,"href":"https:\/\/www.skb.tu-berlin.de\/en\/wp-json\/wp\/v2\/pages\/509\/revisions"}],"predecessor-version":[{"id":37660,"href":"https:\/\/www.skb.tu-berlin.de\/en\/wp-json\/wp\/v2\/pages\/509\/revisions\/37660"}],"up":[{"embeddable":true,"href":"https:\/\/www.skb.tu-berlin.de\/en\/wp-json\/wp\/v2\/pages\/308"}],"wp:attachment":[{"href":"https:\/\/www.skb.tu-berlin.de\/en\/wp-json\/wp\/v2\/media?parent=509"}],"curies":[{"name":"wp","href":"https:\/\/api.w.org\/{rel}","templated":true}]}}