{"id":516,"date":"2021-02-15T10:01:50","date_gmt":"2021-02-15T10:01:50","guid":{"rendered":"http:\/\/amitos30.sg-host.com\/?page_id=516"},"modified":"2023-08-14T22:53:27","modified_gmt":"2023-08-14T20:53:27","slug":"language-tandems","status":"publish","type":"page","link":"https:\/\/www.skb.tu-berlin.de\/en\/language-learning\/language-tandems\/","title":{"rendered":"Language tandems"},"content":{"rendered":"<p>[et_pb_section fb_built=&#8220;1&#8243; _builder_version=&#8220;4.16&#8243; _module_preset=&#8220;default&#8220; custom_padding=&#8220;0px||||false|false&#8220; global_colors_info=&#8220;{}&#8220;][et_pb_row admin_label=&#8220;Zeile&#8220; _builder_version=&#8220;4.8.1&#8243; _module_preset=&#8220;default&#8220; custom_padding=&#8220;40px||||false|false&#8220; global_module=&#8220;240&#8243; saved_tabs=&#8220;all&#8220; collapsed=&#8220;off&#8220; global_colors_info=&#8220;{}&#8220;][et_pb_column type=&#8220;4_4&#8243; _builder_version=&#8220;4.16&#8243; _module_preset=&#8220;default&#8220; global_colors_info=&#8220;{}&#8220;][lwp_divi_breadcrumbs home_text=&#8220;SKB&#8220; font_icon=&#8220;&#x35;||divi||400&#8243; link_color=&#8220;#797979&#8243; separator_color=&#8220;#797979&#8243; current_text_color=&#8220;#797979&#8243; _builder_version=&#8220;4.16&#8243; _module_preset=&#8220;default&#8220; global_colors_info=&#8220;{}&#8220; link_color__hover_enabled=&#8220;on|desktop&#8220; link_color__hover=&#8220;#009BD1&#8243;][\/lwp_divi_breadcrumbs][\/et_pb_column][\/et_pb_row][et_pb_row module_class=&#8220;sm&#8220; _builder_version=&#8220;4.16&#8243; _module_preset=&#8220;default&#8220; max_width=&#8220;992px&#8220; global_colors_info=&#8220;{}&#8220;][et_pb_column type=&#8220;4_4&#8243; _builder_version=&#8220;4.16&#8243; _module_preset=&#8220;default&#8220; global_colors_info=&#8220;{}&#8220;][et_pb_text admin_label=&#8220;Title&#8220; _builder_version=&#8220;4.16&#8243; _dynamic_attributes=&#8220;content&#8220; _module_preset=&#8220;default&#8220; custom_margin=&#8220;||50px||false|false&#8220; custom_margin_tablet=&#8220;||30px||false|false&#8220; custom_margin_phone=&#8220;&#8220; custom_margin_last_edited=&#8220;on|desktop&#8220; global_colors_info=&#8220;{}&#8220;]@ET-DC@eyJkeW5hbWljIjp0cnVlLCJjb250ZW50IjoicG9zdF90aXRsZSIsInNldHRpbmdzIjp7ImJlZm9yZSI6IjxoMT4iLCJhZnRlciI6IjwvaDE+In19@[\/et_pb_text][et_pb_text admin_label=&#8220;Du lernst gerade eine neue Sprache&#8220; _builder_version=&#8220;4.16&#8243; _module_preset=&#8220;default&#8220; text_text_color=&#8220;#797979&#8243; text_font_size=&#8220;22px&#8220; custom_margin=&#8220;||50px||false|false&#8220; custom_margin_tablet=&#8220;||30px||false|false&#8220; custom_margin_phone=&#8220;&#8220; custom_margin_last_edited=&#8220;on|desktop&#8220; text_font_size_tablet=&#8220;18px&#8220; text_font_size_phone=&#8220;&#8220; text_font_size_last_edited=&#8220;on|desktop&#8220; global_colors_info=&#8220;{}&#8220;]<\/p>\n<p>Are you learning a new language and looking for a way to speak it more often? Or would you like to refresh previously acquired skills? Do you want to learn some slang in your target foreign language? And do you want to do it in a relaxed and familiar atmosphere? How about a language tandem?<\/p>\n<p>[\/et_pb_text][et_pb_image src=&#8220;https:\/\/www.skb.tu-berlin.de\/wp-content\/uploads\/2023\/08\/HighFive_DSC0210_smaller.png&#8220; title_text=&#8220;HighFive_DSC0210_smaller&#8220; _builder_version=&#8220;4.21.0&#8243; _module_preset=&#8220;default&#8220; width=&#8220;94%&#8220; hover_enabled=&#8220;0&#8243; global_colors_info=&#8220;{}&#8220; sticky_enabled=&#8220;0&#8243;][\/et_pb_image][et_pb_text admin_label=&#8220;Tritt unserer Facebook Gruppe&#8220; _builder_version=&#8220;4.16&#8243; _module_preset=&#8220;default&#8220; max_width=&#8220;740px&#8220; custom_margin=&#8220;||50px||false|false&#8220; custom_margin_tablet=&#8220;||30px||false|false&#8220; custom_margin_phone=&#8220;&#8220; custom_margin_last_edited=&#8220;on|desktop&#8220; global_colors_info=&#8220;{}&#8220;]<\/p>\n<p>Join our Facebook group \"<a href=\"https:\/\/www.facebook.com\/groups\/924448304371978\" target=\"_blank\" rel=\"noopener\">SKB Berlin Tandems<\/a>\"(in English). There you will surely find a tandem partner.<\/p>\n<p>The SKB does not organise tandems, but offers the possibility to find a tandem partner through the Facebook group. Whether the tandem goes well or bad is the sole responsibility of the tandem partners.<\/p>\n<p>[\/et_pb_text][et_pb_text _builder_version=&#8220;4.16&#8243; _module_preset=&#8220;default&#8220; max_width=&#8220;740px&#8220; custom_margin=&#8220;50px||||false|false&#8220; custom_margin_tablet=&#8220;0px||||false|false&#8220; custom_margin_phone=&#8220;&#8220; custom_margin_last_edited=&#8220;on|desktop&#8220; global_colors_info=&#8220;{}&#8220;]<\/p>\n<h3>What is a language tandem?<\/h3>\n<p>In a language tandem you meet up with someone who wants to learn your language and speaks the language you want to learn. In order for you to be able to learn from each other, it is important that both people have a very good command of the language that the other person wants to learn. Often it is your own first language, but it can also be another language that you know well.<br \/>You arrange to meet with your tandem partner - for example in a caf\u00e9 or in the park if the weather is nice - and you talk for a while in one language and then in the other. You decide together which topics to cover in your conversations. You also decide whether you just want to chat or if you want to correct each other's mistakes.<br \/>With a language tandem you can build on more than just your language skills. In an ideal scenario, you will like your tandem partner so much that you will simply have a good time together.<\/p>\n<p>[\/et_pb_text][\/et_pb_column][\/et_pb_row][\/et_pb_section]<\/p>","protected":false},"excerpt":{"rendered":"<p><div class=\"et_pb_module lwp_divi_breadcrumbs lwp_divi_breadcrumbs_0\">\n\t\t\t\t\n\t\t\t\t\n\t\t\t\t\n\t\t\t\t\n\t\t\t\t\n\t\t\t\t\n\t\t\t\t<div class=\"et_pb_module_inner\">\n\t\t\t\t\t<div class=\"lwp-breadcrumbs\"> <span class=\"before\"><\/span> <span vocab=\"https:\/\/schema.org\/\" typeof=\"BreadcrumbList\"><span property=\"itemListElement\" typeof=\"ListItem\"><a property=\"item\" typeof=\"WebPage\" href=\"https:\/\/www.skb.tu-berlin.de\/en\/\" class=\"home\"><span property=\"name\">SKB<\/span><\/a><meta property=\"position\" content=\"1\"><\/span> <span class=\"separator et-pb-icon\">5<\/span> <\/span><\/div>\n\t\t\t\t<\/div>\n\t\t\t<\/div>Du lernst gerade eine neue Sprache und suchst nach einer M\u00f6glichkeit, \u00f6fter in der Fremdsprache zu sprechen? Oder m\u00f6chtest du fr\u00fcher erworbene Sprachkenntnisse auffrischen? Willst du Umgangssprache in der Fremdsprache lernen? Und das ganze alltagsnah und in lockerer Atmosph\u00e4re? Wie w\u00e4r\u2019s mit einem Sprachtandem?Tritt unserer [&hellip;]<\/p>","protected":false},"author":2,"featured_media":0,"parent":308,"menu_order":16,"comment_status":"closed","ping_status":"closed","template":"","meta":{"_et_pb_use_builder":"on","_et_pb_old_content":"","_et_gb_content_width":"","inline_featured_image":false,"footnotes":""},"class_list":["post-516","page","type-page","status-publish","hentry"],"yoast_head":"<!-- This site is optimized with the Yoast SEO plugin v26.1.1 - https:\/\/yoast.com\/wordpress\/plugins\/seo\/ -->\n<title>SKB | Sprachtandems<\/title>\n<meta name=\"description\" content=\"Die Sprach- und Kulturb\u00f6rse der TU Berlin vermittelt Sprachtandems \u00fcber ihre Facebook Gruppe \u201eSKB Berlin Tandems\u201c.\" \/>\n<meta name=\"robots\" content=\"index, follow, max-snippet:-1, max-image-preview:large, max-video-preview:-1\" \/>\n<link rel=\"canonical\" href=\"https:\/\/www.skb.tu-berlin.de\/en\/language-learning\/language-tandems\/\" \/>\n<meta property=\"og:locale\" content=\"en_US\" \/>\n<meta property=\"og:type\" content=\"article\" \/>\n<meta property=\"og:title\" content=\"SKB | Sprachtandems\" \/>\n<meta property=\"og:description\" content=\"Die Sprach- und Kulturb\u00f6rse der TU Berlin vermittelt Sprachtandems \u00fcber ihre Facebook Gruppe \u201eSKB Berlin Tandems\u201c.\" \/>\n<meta property=\"og:url\" content=\"https:\/\/www.skb.tu-berlin.de\/en\/language-learning\/language-tandems\/\" \/>\n<meta property=\"og:site_name\" content=\"SKB\" \/>\n<meta property=\"article:modified_time\" content=\"2023-08-14T20:53:27+00:00\" \/>\n<meta name=\"twitter:card\" content=\"summary_large_image\" \/>\n<script type=\"application\/ld+json\" class=\"yoast-schema-graph\">{\"@context\":\"https:\/\/schema.org\",\"@graph\":[{\"@type\":\"WebPage\",\"@id\":\"https:\/\/www.skb.tu-berlin.de\/sprachenlernen\/sprachtandems\/\",\"url\":\"https:\/\/www.skb.tu-berlin.de\/sprachenlernen\/sprachtandems\/\",\"name\":\"SKB | Sprachtandems\",\"isPartOf\":{\"@id\":\"https:\/\/www.skb.tu-berlin.de\/#website\"},\"datePublished\":\"2021-02-15T10:01:50+00:00\",\"dateModified\":\"2023-08-14T20:53:27+00:00\",\"description\":\"Die Sprach- und Kulturb\u00f6rse der TU Berlin vermittelt Sprachtandems \u00fcber ihre Facebook Gruppe \u201eSKB Berlin Tandems\u201c.\",\"breadcrumb\":{\"@id\":\"https:\/\/www.skb.tu-berlin.de\/sprachenlernen\/sprachtandems\/#breadcrumb\"},\"inLanguage\":\"en-US\",\"potentialAction\":[{\"@type\":\"ReadAction\",\"target\":[\"https:\/\/www.skb.tu-berlin.de\/sprachenlernen\/sprachtandems\/\"]}]},{\"@type\":\"BreadcrumbList\",\"@id\":\"https:\/\/www.skb.tu-berlin.de\/sprachenlernen\/sprachtandems\/#breadcrumb\",\"itemListElement\":[{\"@type\":\"ListItem\",\"position\":1,\"name\":\"SKB\",\"item\":\"https:\/\/www.skb.tu-berlin.de\/\"},{\"@type\":\"ListItem\",\"position\":2,\"name\":\"Sprachenlernen\",\"item\":\"https:\/\/www.skb.tu-berlin.de\/sprachenlernen\/\"},{\"@type\":\"ListItem\",\"position\":3,\"name\":\"Sprachtandems\"}]},{\"@type\":\"WebSite\",\"@id\":\"https:\/\/www.skb.tu-berlin.de\/#website\",\"url\":\"https:\/\/www.skb.tu-berlin.de\/\",\"name\":\"SKB\",\"description\":\"Sprach- und Kulturb\u00f6rse TU Berlin\",\"potentialAction\":[{\"@type\":\"SearchAction\",\"target\":{\"@type\":\"EntryPoint\",\"urlTemplate\":\"https:\/\/www.skb.tu-berlin.de\/?s={search_term_string}\"},\"query-input\":{\"@type\":\"PropertyValueSpecification\",\"valueRequired\":true,\"valueName\":\"search_term_string\"}}],\"inLanguage\":\"en-US\"}]}<\/script>\n<!-- \/ Yoast SEO plugin. -->","yoast_head_json":{"title":"SKB | Language tandems","description":"The Language and Culture Exchange of the TU Berlin arranges language tandems via its Facebook group \"SKB Berlin Tandems\".","robots":{"index":"index","follow":"follow","max-snippet":"max-snippet:-1","max-image-preview":"max-image-preview:large","max-video-preview":"max-video-preview:-1"},"canonical":"https:\/\/www.skb.tu-berlin.de\/en\/language-learning\/language-tandems\/","og_locale":"en_US","og_type":"article","og_title":"SKB | Sprachtandems","og_description":"Die Sprach- und Kulturb\u00f6rse der TU Berlin vermittelt Sprachtandems \u00fcber ihre Facebook Gruppe \u201eSKB Berlin Tandems\u201c.","og_url":"https:\/\/www.skb.tu-berlin.de\/en\/language-learning\/language-tandems\/","og_site_name":"SKB","article_modified_time":"2023-08-14T20:53:27+00:00","twitter_card":"summary_large_image","schema":{"@context":"https:\/\/schema.org","@graph":[{"@type":"WebPage","@id":"https:\/\/www.skb.tu-berlin.de\/sprachenlernen\/sprachtandems\/","url":"https:\/\/www.skb.tu-berlin.de\/sprachenlernen\/sprachtandems\/","name":"SKB | Language tandems","isPartOf":{"@id":"https:\/\/www.skb.tu-berlin.de\/#website"},"datePublished":"2021-02-15T10:01:50+00:00","dateModified":"2023-08-14T20:53:27+00:00","description":"The Language and Culture Exchange of the TU Berlin arranges language tandems via its Facebook group \"SKB Berlin Tandems\".","breadcrumb":{"@id":"https:\/\/www.skb.tu-berlin.de\/sprachenlernen\/sprachtandems\/#breadcrumb"},"inLanguage":"en-US","potentialAction":[{"@type":"ReadAction","target":["https:\/\/www.skb.tu-berlin.de\/sprachenlernen\/sprachtandems\/"]}]},{"@type":"BreadcrumbList","@id":"https:\/\/www.skb.tu-berlin.de\/sprachenlernen\/sprachtandems\/#breadcrumb","itemListElement":[{"@type":"ListItem","position":1,"name":"SKB","item":"https:\/\/www.skb.tu-berlin.de\/"},{"@type":"ListItem","position":2,"name":"Sprachenlernen","item":"https:\/\/www.skb.tu-berlin.de\/sprachenlernen\/"},{"@type":"ListItem","position":3,"name":"Sprachtandems"}]},{"@type":"WebSite","@id":"https:\/\/www.skb.tu-berlin.de\/#website","url":"https:\/\/www.skb.tu-berlin.de\/","name":"SKB","description":"Language and Culture Exchange TU Berlin","potentialAction":[{"@type":"SearchAction","target":{"@type":"EntryPoint","urlTemplate":"https:\/\/www.skb.tu-berlin.de\/?s={search_term_string}"},"query-input":{"@type":"PropertyValueSpecification","valueRequired":true,"valueName":"search_term_string"}}],"inLanguage":"en-US"}]}},"_links":{"self":[{"href":"https:\/\/www.skb.tu-berlin.de\/en\/wp-json\/wp\/v2\/pages\/516","targetHints":{"allow":["GET"]}}],"collection":[{"href":"https:\/\/www.skb.tu-berlin.de\/en\/wp-json\/wp\/v2\/pages"}],"about":[{"href":"https:\/\/www.skb.tu-berlin.de\/en\/wp-json\/wp\/v2\/types\/page"}],"author":[{"embeddable":true,"href":"https:\/\/www.skb.tu-berlin.de\/en\/wp-json\/wp\/v2\/users\/2"}],"replies":[{"embeddable":true,"href":"https:\/\/www.skb.tu-berlin.de\/en\/wp-json\/wp\/v2\/comments?post=516"}],"version-history":[{"count":0,"href":"https:\/\/www.skb.tu-berlin.de\/en\/wp-json\/wp\/v2\/pages\/516\/revisions"}],"up":[{"embeddable":true,"href":"https:\/\/www.skb.tu-berlin.de\/en\/wp-json\/wp\/v2\/pages\/308"}],"wp:attachment":[{"href":"https:\/\/www.skb.tu-berlin.de\/en\/wp-json\/wp\/v2\/media?parent=516"}],"curies":[{"name":"wp","href":"https:\/\/api.w.org\/{rel}","templated":true}]}}