{"id":702,"date":"2021-04-03T18:15:07","date_gmt":"2021-04-03T18:15:07","guid":{"rendered":"http:\/\/amitos30.sg-host.com\/?page_id=702"},"modified":"2024-12-17T14:50:47","modified_gmt":"2024-12-17T12:50:47","slug":"imprint","status":"publish","type":"page","link":"https:\/\/www.skb.tu-berlin.de\/en\/imprint\/","title":{"rendered":"Legal notice"},"content":{"rendered":"<p>[et_pb_section fb_built=&#8220;1&#8243; _builder_version=&#8220;4.16&#8243; _module_preset=&#8220;default&#8220; custom_padding=&#8220;0px||||false|false&#8220; global_colors_info=&#8220;{}&#8220;][et_pb_row admin_label=&#8220;Zeile&#8220; _builder_version=&#8220;4.25.2&#8243; _module_preset=&#8220;default&#8220; custom_padding=&#8220;40px||||false|false&#8220; global_module=&#8220;240&#8243; saved_tabs=&#8220;all&#8220; collapsed=&#8220;off&#8220; global_colors_info=&#8220;{}&#8220;][et_pb_column type=&#8220;4_4&#8243; _builder_version=&#8220;4.16&#8243; _module_preset=&#8220;default&#8220; global_colors_info=&#8220;{}&#8220;][lwp_divi_breadcrumbs home_text=&#8220;SKB&#8220; font_icon=&#8220;&#x35;||divi||400&#8243; link_color=&#8220;#797979&#8243; separator_color=&#8220;#797979&#8243; current_text_color=&#8220;#797979&#8243; _builder_version=&#8220;4.16&#8243; _module_preset=&#8220;default&#8220; global_colors_info=&#8220;{}&#8220; link_color__hover_enabled=&#8220;on|desktop&#8220; link_color__hover=&#8220;#009BD1&#8243;][\/lwp_divi_breadcrumbs][\/et_pb_column][\/et_pb_row][et_pb_row module_class=&#8220;sm&#8220; _builder_version=&#8220;4.16&#8243; _module_preset=&#8220;default&#8220; max_width=&#8220;992px&#8220; global_colors_info=&#8220;{}&#8220;][et_pb_column type=&#8220;4_4&#8243; _builder_version=&#8220;4.16&#8243; _module_preset=&#8220;default&#8220; global_colors_info=&#8220;{}&#8220;][et_pb_text admin_label=&#8220;Title&#8220; _builder_version=&#8220;4.16&#8243; _dynamic_attributes=&#8220;content&#8220; _module_preset=&#8220;default&#8220; custom_margin=&#8220;||65px||false|false&#8220; custom_margin_tablet=&#8220;||30px||false|false&#8220; custom_margin_phone=&#8220;&#8220; custom_margin_last_edited=&#8220;on|tablet&#8220; global_colors_info=&#8220;{}&#8220;]@ET-DC@eyJkeW5hbWljIjp0cnVlLCJjb250ZW50IjoicG9zdF90aXRsZSIsInNldHRpbmdzIjp7ImJlZm9yZSI6IjxoMT4iLCJhZnRlciI6IjwvaDE+In19@[\/et_pb_text][et_pb_text _builder_version=&#8220;4.27.2&#8243; _module_preset=&#8220;default&#8220; hover_enabled=&#8220;0&#8243; global_colors_info=&#8220;{}&#8220; sticky_enabled=&#8220;0&#8243;]<\/p>\n<h3>Responsible for the content of this website<\/h3>\n<p>Sprach- und Kulturb\u00f6rse der TU Berlin<\/p>\n<p>Room EW24<br \/>Hardenbergstrasse 36<br \/>10623 Berlin<\/p>\n<p>Email: <a href=\"mailto:skb@skb.tu-berlin.de\/\">info@skb.tu-berlin.de<\/a><br \/>Phone number: 030 314 73224<\/p>\n<p>The Sprach- und Kulturb\u00f6rse (Language and Culture Exchange) is an institution at the TU Berlin.<\/p>\n<h3>Direction<\/h3>\n<p>Christian Schr\u00f6der<br \/>Vice President for Studies and Teaching, Teacher Education and Continuing Education<\/p>\n<p>Stra\u00dfe des 17. Juni 135<br \/>10623 Berlin<\/p>\n<h3>Professional support<\/h3>\n<p>Prof. Dr. Thorsten Roelcke<br \/>Chair for German as a Foreign Language<br \/>Institute for Language and Communication<\/p>\n<p>Hardenbergstrasse 16-18<br \/>10623 Berlin<\/p>\n<h3>Coordination of the Sprach- und Kulturb\u00f6rse (Language and Culture Exchange):<\/h3>\n<p>Dana Bagur; Taisija Cesar; Hanna Kov\u00e1cs; Solweig Nothing; Ur\u0161ka Ota; Thomas Poveda;<\/p>\n<p>&nbsp;<\/p>\n<h2>Copyright notice<\/h2>\n<h2>\u00a0<\/h2>\n<p>The content and structure of the website <em>www.skb.tu-berlin.de\/<\/em> are protected by copyright.<br \/>The reproduction, publication and distribution of information or data, in particular the further use of texts, photographs and graphic elements requires the prior consent of the Language and Culture Exchange.<\/p>\n<h3>Editing and website support<\/h3>\n<p>Claudia Gro\u00df (<a href=\"https:\/\/claudiagross.net\/\">www.claudiagross.net<\/a>); Philip title<\/p>\n<h3>Web development and design<\/h3>\n<p>Amito (<a href=\"http:\/\/www.amitostudio.com\">www.amitostudio.com<\/a>)<\/p>\n<h3>Brand development and illustrations<\/h3>\n<p>Alejandro Segu\u00ed Couzo (<a href=\"https:\/\/www.alejandrosegui.com\">www.alejandrosegui.com<\/a>)<\/p>\n<p>&nbsp;<\/p>\n<h2>Legal notice<\/h2>\n<p>The contents of the website, in particular the links to other websites, have been carefully selected and their lawfulness checked. Since we have no influence on the design and content of the linked pages, we can not guarantee their future lawfulness and timeliness and hereby expressly distance ourselves from all law-infringing or inhumane content.<\/p>\n<p>If you notice any incorrect links or illegal content on the website or on the linked pages, we would be very pleased to hear from you. We will then examine the matter as quickly as possible and replace or remove the content and links if necessary.<\/p>\n<p>&nbsp;<\/p>\n<p>&nbsp;<\/p>\n<p>&nbsp;<\/p>\n<p>[\/et_pb_text][\/et_pb_column][\/et_pb_row][\/et_pb_section]<\/p>","protected":false},"excerpt":{"rendered":"<p><div class=\"et_pb_module lwp_divi_breadcrumbs lwp_divi_breadcrumbs_0\">\n\t\t\t\t\n\t\t\t\t\n\t\t\t\t\n\t\t\t\t\n\t\t\t\t\n\t\t\t\t\n\t\t\t\t<div class=\"et_pb_module_inner\">\n\t\t\t\t\t<div class=\"lwp-breadcrumbs\"> <span class=\"before\"><\/span> <span vocab=\"https:\/\/schema.org\/\" typeof=\"BreadcrumbList\"><span property=\"itemListElement\" typeof=\"ListItem\"><a property=\"item\" typeof=\"WebPage\" href=\"https:\/\/www.skb.tu-berlin.de\/en\/\" class=\"home\"><span property=\"name\">SKB<\/span><\/a><meta property=\"position\" content=\"1\"><\/span> <span class=\"separator et-pb-icon\">5<\/span> <\/span><\/div>\n\t\t\t\t<\/div>\n\t\t\t<\/div>verantwortlich f\u00fcr den Inhalt dieser Webseite Sprach- und Kulturb\u00f6rse der TU Berlin Raum EW24Hardenbergstra\u00dfe 3610623 Berlin E-Mail: info@skb.tu-berlin.deTelefonnummer: 030 314 73224 Die Sprach- und Kulturb\u00f6rse ist eine Einrichtung an der TU Berlin. Leitung Christian Schr\u00f6derVizepr\u00e4sident f\u00fcr Studium und Lehre, Lehrkr\u00e4ftebildung und Weiterbildung Stra\u00dfe des 17. [&hellip;]<\/p>","protected":false},"author":2,"featured_media":0,"parent":0,"menu_order":9,"comment_status":"closed","ping_status":"closed","template":"","meta":{"_et_pb_use_builder":"on","_et_pb_old_content":"","_et_gb_content_width":"","inline_featured_image":false,"footnotes":""},"class_list":["post-702","page","type-page","status-publish","hentry"],"yoast_head":"<!-- This site is optimized with the Yoast SEO plugin v26.1.1 - https:\/\/yoast.com\/wordpress\/plugins\/seo\/ -->\n<title>Impressum - SKB<\/title>\n<meta name=\"robots\" content=\"noindex, follow\" \/>\n<meta property=\"og:locale\" content=\"en_US\" \/>\n<meta property=\"og:type\" content=\"article\" \/>\n<meta property=\"og:title\" content=\"Impressum - SKB\" \/>\n<meta property=\"og:description\" content=\"verantwortlich f\u00fcr den Inhalt dieser Webseite Sprach- und Kulturb\u00f6rse der TU Berlin Raum EW24Hardenbergstra\u00dfe 3610623 Berlin E-Mail: info@skb.tu-berlin.deTelefonnummer: 030 314 73224 Die Sprach- und Kulturb\u00f6rse ist eine Einrichtung an der TU Berlin. Leitung Christian Schr\u00f6derVizepr\u00e4sident f\u00fcr Studium und Lehre, Lehrkr\u00e4ftebildung und Weiterbildung Stra\u00dfe des 17. [&hellip;]\" \/>\n<meta property=\"og:url\" content=\"https:\/\/www.skb.tu-berlin.de\/en\/imprint\/\" \/>\n<meta property=\"og:site_name\" content=\"SKB\" \/>\n<meta property=\"article:modified_time\" content=\"2024-12-17T12:50:47+00:00\" \/>\n<meta name=\"twitter:card\" content=\"summary_large_image\" \/>\n<script type=\"application\/ld+json\" class=\"yoast-schema-graph\">{\"@context\":\"https:\/\/schema.org\",\"@graph\":[{\"@type\":\"WebPage\",\"@id\":\"https:\/\/www.skb.tu-berlin.de\/impressum\/\",\"url\":\"https:\/\/www.skb.tu-berlin.de\/impressum\/\",\"name\":\"Impressum - SKB\",\"isPartOf\":{\"@id\":\"https:\/\/www.skb.tu-berlin.de\/#website\"},\"datePublished\":\"2021-04-03T18:15:07+00:00\",\"dateModified\":\"2024-12-17T12:50:47+00:00\",\"breadcrumb\":{\"@id\":\"https:\/\/www.skb.tu-berlin.de\/impressum\/#breadcrumb\"},\"inLanguage\":\"en-US\",\"potentialAction\":[{\"@type\":\"ReadAction\",\"target\":[\"https:\/\/www.skb.tu-berlin.de\/impressum\/\"]}]},{\"@type\":\"BreadcrumbList\",\"@id\":\"https:\/\/www.skb.tu-berlin.de\/impressum\/#breadcrumb\",\"itemListElement\":[{\"@type\":\"ListItem\",\"position\":1,\"name\":\"SKB\",\"item\":\"https:\/\/www.skb.tu-berlin.de\/\"},{\"@type\":\"ListItem\",\"position\":2,\"name\":\"Impressum\"}]},{\"@type\":\"WebSite\",\"@id\":\"https:\/\/www.skb.tu-berlin.de\/#website\",\"url\":\"https:\/\/www.skb.tu-berlin.de\/\",\"name\":\"SKB\",\"description\":\"Sprach- und Kulturb\u00f6rse TU Berlin\",\"potentialAction\":[{\"@type\":\"SearchAction\",\"target\":{\"@type\":\"EntryPoint\",\"urlTemplate\":\"https:\/\/www.skb.tu-berlin.de\/?s={search_term_string}\"},\"query-input\":{\"@type\":\"PropertyValueSpecification\",\"valueRequired\":true,\"valueName\":\"search_term_string\"}}],\"inLanguage\":\"en-US\"}]}<\/script>\n<!-- \/ Yoast SEO plugin. -->","yoast_head_json":{"title":"Imprint - SKB","robots":{"index":"noindex","follow":"follow"},"og_locale":"en_US","og_type":"article","og_title":"Impressum - SKB","og_description":"verantwortlich f\u00fcr den Inhalt dieser Webseite Sprach- und Kulturb\u00f6rse der TU Berlin Raum EW24Hardenbergstra\u00dfe 3610623 Berlin E-Mail: info@skb.tu-berlin.deTelefonnummer: 030 314 73224 Die Sprach- und Kulturb\u00f6rse ist eine Einrichtung an der TU Berlin. Leitung Christian Schr\u00f6derVizepr\u00e4sident f\u00fcr Studium und Lehre, Lehrkr\u00e4ftebildung und Weiterbildung Stra\u00dfe des 17. [&hellip;]","og_url":"https:\/\/www.skb.tu-berlin.de\/en\/imprint\/","og_site_name":"SKB","article_modified_time":"2024-12-17T12:50:47+00:00","twitter_card":"summary_large_image","schema":{"@context":"https:\/\/schema.org","@graph":[{"@type":"WebPage","@id":"https:\/\/www.skb.tu-berlin.de\/impressum\/","url":"https:\/\/www.skb.tu-berlin.de\/impressum\/","name":"Imprint - SKB","isPartOf":{"@id":"https:\/\/www.skb.tu-berlin.de\/#website"},"datePublished":"2021-04-03T18:15:07+00:00","dateModified":"2024-12-17T12:50:47+00:00","breadcrumb":{"@id":"https:\/\/www.skb.tu-berlin.de\/impressum\/#breadcrumb"},"inLanguage":"en-US","potentialAction":[{"@type":"ReadAction","target":["https:\/\/www.skb.tu-berlin.de\/impressum\/"]}]},{"@type":"BreadcrumbList","@id":"https:\/\/www.skb.tu-berlin.de\/impressum\/#breadcrumb","itemListElement":[{"@type":"ListItem","position":1,"name":"SKB","item":"https:\/\/www.skb.tu-berlin.de\/"},{"@type":"ListItem","position":2,"name":"Impressum"}]},{"@type":"WebSite","@id":"https:\/\/www.skb.tu-berlin.de\/#website","url":"https:\/\/www.skb.tu-berlin.de\/","name":"SKB","description":"Language and Culture Exchange TU Berlin","potentialAction":[{"@type":"SearchAction","target":{"@type":"EntryPoint","urlTemplate":"https:\/\/www.skb.tu-berlin.de\/?s={search_term_string}"},"query-input":{"@type":"PropertyValueSpecification","valueRequired":true,"valueName":"search_term_string"}}],"inLanguage":"en-US"}]}},"_links":{"self":[{"href":"https:\/\/www.skb.tu-berlin.de\/en\/wp-json\/wp\/v2\/pages\/702","targetHints":{"allow":["GET"]}}],"collection":[{"href":"https:\/\/www.skb.tu-berlin.de\/en\/wp-json\/wp\/v2\/pages"}],"about":[{"href":"https:\/\/www.skb.tu-berlin.de\/en\/wp-json\/wp\/v2\/types\/page"}],"author":[{"embeddable":true,"href":"https:\/\/www.skb.tu-berlin.de\/en\/wp-json\/wp\/v2\/users\/2"}],"replies":[{"embeddable":true,"href":"https:\/\/www.skb.tu-berlin.de\/en\/wp-json\/wp\/v2\/comments?post=702"}],"version-history":[{"count":2,"href":"https:\/\/www.skb.tu-berlin.de\/en\/wp-json\/wp\/v2\/pages\/702\/revisions"}],"predecessor-version":[{"id":30290,"href":"https:\/\/www.skb.tu-berlin.de\/en\/wp-json\/wp\/v2\/pages\/702\/revisions\/30290"}],"wp:attachment":[{"href":"https:\/\/www.skb.tu-berlin.de\/en\/wp-json\/wp\/v2\/media?parent=702"}],"curies":[{"name":"wp","href":"https:\/\/api.w.org\/{rel}","templated":true}]}}