{"id":875,"date":"2021-06-20T14:16:55","date_gmt":"2021-06-20T14:16:55","guid":{"rendered":"http:\/\/amitos30.sg-host.com\/shop\/"},"modified":"2026-04-14T15:30:47","modified_gmt":"2026-04-14T13:30:47","slug":"current-courses","status":"publish","type":"page","link":"https:\/\/www.skb.tu-berlin.de\/en\/language-learning\/current-courses\/","title":{"rendered":"Current courses"},"content":{"rendered":"<p>[et_pb_section fb_built=&#8220;1&#8243; _builder_version=&#8220;4.16&#8243; global_colors_info=&#8220;{}&#8220;][et_pb_row _builder_version=&#8220;4.16&#8243; background_size=&#8220;initial&#8220; background_position=&#8220;top_left&#8220; background_repeat=&#8220;repeat&#8220; global_colors_info=&#8220;{}&#8220;][et_pb_column type=&#8220;4_4&#8243; _builder_version=&#8220;4.16&#8243; custom_padding=&#8220;|||&#8220; global_colors_info=&#8220;{}&#8220; custom_padding__hover=&#8220;|||&#8220;][et_pb_text _builder_version=&#8220;4.16&#8243; background_size=&#8220;initial&#8220; background_position=&#8220;top_left&#8220; background_repeat=&#8220;repeat&#8220; global_colors_info=&#8220;{}&#8220;]<\/p>\n<div class=\"et_pb_blurb_description\"><\/div>\n<div class=\"et_pb_blurb_description\">\n<h3><strong>Keine Kurse im Sommersemester 2026<\/strong><\/h3>\n<p><span style=\"color: #000000;\"><strong>Niveaueinstufung:\u00a0 <span style=\"color: #ff0000;\">\u2013 closed<\/span> <\/strong><\/span><\/p>\n<p><span style=\"color: #000000;\">During the enrollment period, a purple \"Placement\" banner will appear on this page. Click on the button to register for a placement test. <\/span> <span style=\"color: #000000;\"><a class=\"open-new-window\" href=\"https:\/\/www.skb.tu-berlin.de\/en\/faq\/\">Not sure if you need a placement test?<\/a><\/span> <a href=\"https:\/\/www.youtube.com\/watch?v=fikbKIw5q84\">How do the placement tests work? (VIDEO)<\/a><\/p>\n<p><span style=\"color: #000000;\"><strong>Course Registration: <\/strong><\/span><span style=\"color: #000000;\"><strong> <span style=\"color: #ff0000;\">\u2013 closed<\/span><\/strong> <\/span><\/p>\n<p><span style=\"color: #000000;\">On this page, during the registration period, a \"Register\" button will appear next to each course, allowing you to register for the course. <\/span><span style=\"color: #000000;\">In order to register for higher language levels, you need a level certificate. You will receive this either after the placement or at the end of your SKB course (if you have not received it, contact us via the <a href=\"https:\/\/www.skb.tu-berlin.de\/en\/contact\/\">contact form<\/a>).<\/span> <a href=\"https:\/\/www.youtube.com\/watch?v=MuaOzS75Nds\">How does the course registration work? (VIDEO)<\/a><\/p>\n<p>If you have any further questions, feel free to contact us via the <a href=\"https:\/\/www.skb.tu-berlin.de\/en\/contact\/\">contact form<\/a>.<\/p>\n<p>Have fun in your course!<\/p>\n<\/div>\n<p>[\/et_pb_text][\/et_pb_column][\/et_pb_row][\/et_pb_section]<\/p>","protected":false},"excerpt":{"rendered":"<p>Keine Kurse im Sommersemester 2026 Niveaueinstufung:\u00a0 &#8211; geschlossen Auf dieser Seite wird w\u00e4hrend des oben genannten Zeitraums ein violettes banner &#8222;Einstufung&#8220; erscheinen, \u00fcber den du dich f\u00fcr die Niveaueinstufung anmelden kannst. Du bist dir nicht sicher, ob du eine Einstufung brauchst? Wie funktionieren die Einstufungen? (VIDEO) Kursanmeldung: &#8211; geschlossen Auf dieser Seite wird w\u00e4hrend des [&hellip;]<\/p>","protected":false},"author":1,"featured_media":0,"parent":308,"menu_order":14,"comment_status":"closed","ping_status":"closed","template":"","meta":{"_et_pb_use_builder":"on","_et_pb_old_content":"<div class=\"et_pb_blurb_description\"><\/div>\r\n<div class=\"et_pb_blurb_description\">\r\n<h3><strong>Kurse Sommersemester 2024 vom 06.05.2024 bis zum 26.07.2024<\/strong><\/h3>\r\n<span style=\"color: #000000;\"><strong>Niveaueinstufung: 15.04.2024 - 26.04.2024, 18 Uhr (Anmeldung ab 12.04.2024, 10 Uhr) <span style=\"color: #ff0000;\">- geschlossen<\/span> <\/strong>Auf dieser Seite wird w\u00e4hrend des oben genannten Zeitraums ein violettes banner \"Einstufung\" erscheinen, \u00fcber den du dich f\u00fcr die Niveaueinstufung anmelden kannst. <\/span> <span style=\"color: #000000;\"><a class=\"open-new-window\" href=\"https:\/\/www.skb.tu-berlin.de\/faq\/\">Du bist dir nicht sicher, ob du eine Einstufung brauchst?<\/a><\/span> <a href=\"https:\/\/www.youtube.com\/watch?v=fikbKIw5q84\">Wie funktionieren die Einstufungen? (VIDEO)<\/a> <span style=\"color: #000000;\"><strong>Kursanmeldung: <\/strong><strong>17.04.2024, 10 Uhr \u2013 <\/strong><\/span><span style=\"color: #000000;\"><strong>29.04.2024<\/strong><\/span><span style=\"color: #000000;\"><strong>, 11 Uhr <span style=\"color: #ff0000;\">- geschlossen<\/span><\/strong> Auf dieser Seite wird w\u00e4hrend des oben genannten Zeitraums neben jedem Kurs ein Button \"Anmelden\" erscheinen, \u00fcber den du dich f\u00fcr den Kurs anmelden kannst. <\/span><span style=\"color: #000000;\">Um dich f\u00fcr h\u00f6here Sprachniveaus anmelden zu k\u00f6nnen, ben\u00f6tigst du eine Niveaubest\u00e4tigung. Diese erh\u00e4ltst du entweder nach der Einstufung oder am Ende deines SKB-Kurses (falls du sie nicht bekommen hast, melde dich bei uns \u00fcber das <a href=\"https:\/\/www.skb.tu-berlin.de\/kontakt\/\">Kontaktformular<\/a>).<\/span> <a href=\"https:\/\/www.youtube.com\/watch?v=MuaOzS75Nds\">Wie funktioniert die Kursanmeldung? (VIDEO)<\/a> Wenn du noch Fragen hast, melde dich gerne \u00fcber das <a href=\"https:\/\/www.skb.tu-berlin.de\/kontakt\/\">Kontaktformular<\/a>. Viel Spa\u00df im Kurs!<\/div>","_et_gb_content_width":"","inline_featured_image":false,"footnotes":""},"class_list":["post-875","page","type-page","status-publish","hentry"],"yoast_head":"<!-- This site is optimized with the Yoast SEO plugin v26.1.1 - https:\/\/yoast.com\/wordpress\/plugins\/seo\/ -->\n<title>SKB | Aktuelle Sprachkurse<\/title>\n<meta name=\"description\" content=\"Aktuelle Sprachkurse an der Sprach- und Kulturb\u00f6rse der TU Berlin - verg\u00fcnstigte Preise f\u00fcr Studierende (weltweit), TU Alumn@ und Hochschulmitarbeitende in Berlin.\" \/>\n<meta name=\"robots\" content=\"index, follow, max-snippet:-1, max-image-preview:large, max-video-preview:-1\" \/>\n<link rel=\"canonical\" href=\"https:\/\/www.skb.tu-berlin.de\/en\/language-learning\/current-courses\/\" \/>\n<meta property=\"og:locale\" content=\"en_US\" \/>\n<meta property=\"og:type\" content=\"article\" \/>\n<meta property=\"og:title\" content=\"SKB | Aktuelle Sprachkurse\" \/>\n<meta property=\"og:description\" content=\"Aktuelle Sprachkurse an der Sprach- und Kulturb\u00f6rse der TU Berlin - verg\u00fcnstigte Preise f\u00fcr Studierende (weltweit), TU Alumn@ und Hochschulmitarbeitende in Berlin.\" \/>\n<meta property=\"og:url\" content=\"https:\/\/www.skb.tu-berlin.de\/en\/language-learning\/current-courses\/\" \/>\n<meta property=\"og:site_name\" content=\"SKB\" \/>\n<meta property=\"article:modified_time\" content=\"2026-04-14T13:30:47+00:00\" \/>\n<meta name=\"twitter:card\" content=\"summary_large_image\" \/>\n<script type=\"application\/ld+json\" class=\"yoast-schema-graph\">{\"@context\":\"https:\/\/schema.org\",\"@graph\":[{\"@type\":\"WebPage\",\"@id\":\"https:\/\/www.skb.tu-berlin.de\/sprachenlernen\/aktuelle-kurse\/\",\"url\":\"https:\/\/www.skb.tu-berlin.de\/sprachenlernen\/aktuelle-kurse\/\",\"name\":\"SKB | Aktuelle Sprachkurse\",\"isPartOf\":{\"@id\":\"https:\/\/www.skb.tu-berlin.de\/#website\"},\"datePublished\":\"2021-06-20T14:16:55+00:00\",\"dateModified\":\"2026-04-14T13:30:47+00:00\",\"description\":\"Aktuelle Sprachkurse an der Sprach- und Kulturb\u00f6rse der TU Berlin - verg\u00fcnstigte Preise f\u00fcr Studierende (weltweit), TU Alumn@ und Hochschulmitarbeitende in Berlin.\",\"breadcrumb\":{\"@id\":\"https:\/\/www.skb.tu-berlin.de\/sprachenlernen\/aktuelle-kurse\/#breadcrumb\"},\"inLanguage\":\"en-US\",\"potentialAction\":[{\"@type\":\"ReadAction\",\"target\":[\"https:\/\/www.skb.tu-berlin.de\/sprachenlernen\/aktuelle-kurse\/\"]}]},{\"@type\":\"BreadcrumbList\",\"@id\":\"https:\/\/www.skb.tu-berlin.de\/sprachenlernen\/aktuelle-kurse\/#breadcrumb\",\"itemListElement\":[{\"@type\":\"ListItem\",\"position\":1,\"name\":\"SKB\",\"item\":\"https:\/\/www.skb.tu-berlin.de\/\"},{\"@type\":\"ListItem\",\"position\":2,\"name\":\"Sprachenlernen\",\"item\":\"https:\/\/www.skb.tu-berlin.de\/sprachenlernen\/\"},{\"@type\":\"ListItem\",\"position\":3,\"name\":\"Aktuelle Kurse\"}]},{\"@type\":\"WebSite\",\"@id\":\"https:\/\/www.skb.tu-berlin.de\/#website\",\"url\":\"https:\/\/www.skb.tu-berlin.de\/\",\"name\":\"SKB\",\"description\":\"Sprach- und Kulturb\u00f6rse TU Berlin\",\"potentialAction\":[{\"@type\":\"SearchAction\",\"target\":{\"@type\":\"EntryPoint\",\"urlTemplate\":\"https:\/\/www.skb.tu-berlin.de\/?s={search_term_string}\"},\"query-input\":{\"@type\":\"PropertyValueSpecification\",\"valueRequired\":true,\"valueName\":\"search_term_string\"}}],\"inLanguage\":\"en-US\"}]}<\/script>\n<!-- \/ Yoast SEO plugin. -->","yoast_head_json":{"title":"SKB | Current language courses","description":"Aktuelle Sprachkurse an der Sprach- und Kulturb\u00f6rse der TU Berlin - verg\u00fcnstigte Preise f\u00fcr Studierende (weltweit), TU Alumn@ und Hochschulmitarbeitende in Berlin.","robots":{"index":"index","follow":"follow","max-snippet":"max-snippet:-1","max-image-preview":"max-image-preview:large","max-video-preview":"max-video-preview:-1"},"canonical":"https:\/\/www.skb.tu-berlin.de\/en\/language-learning\/current-courses\/","og_locale":"en_US","og_type":"article","og_title":"SKB | Aktuelle Sprachkurse","og_description":"Aktuelle Sprachkurse an der Sprach- und Kulturb\u00f6rse der TU Berlin - verg\u00fcnstigte Preise f\u00fcr Studierende (weltweit), TU Alumn@ und Hochschulmitarbeitende in Berlin.","og_url":"https:\/\/www.skb.tu-berlin.de\/en\/language-learning\/current-courses\/","og_site_name":"SKB","article_modified_time":"2026-04-14T13:30:47+00:00","twitter_card":"summary_large_image","schema":{"@context":"https:\/\/schema.org","@graph":[{"@type":"WebPage","@id":"https:\/\/www.skb.tu-berlin.de\/sprachenlernen\/aktuelle-kurse\/","url":"https:\/\/www.skb.tu-berlin.de\/sprachenlernen\/aktuelle-kurse\/","name":"SKB | Current language courses","isPartOf":{"@id":"https:\/\/www.skb.tu-berlin.de\/#website"},"datePublished":"2021-06-20T14:16:55+00:00","dateModified":"2026-04-14T13:30:47+00:00","description":"Aktuelle Sprachkurse an der Sprach- und Kulturb\u00f6rse der TU Berlin - verg\u00fcnstigte Preise f\u00fcr Studierende (weltweit), TU Alumn@ und Hochschulmitarbeitende in Berlin.","breadcrumb":{"@id":"https:\/\/www.skb.tu-berlin.de\/sprachenlernen\/aktuelle-kurse\/#breadcrumb"},"inLanguage":"en-US","potentialAction":[{"@type":"ReadAction","target":["https:\/\/www.skb.tu-berlin.de\/sprachenlernen\/aktuelle-kurse\/"]}]},{"@type":"BreadcrumbList","@id":"https:\/\/www.skb.tu-berlin.de\/sprachenlernen\/aktuelle-kurse\/#breadcrumb","itemListElement":[{"@type":"ListItem","position":1,"name":"SKB","item":"https:\/\/www.skb.tu-berlin.de\/"},{"@type":"ListItem","position":2,"name":"Sprachenlernen","item":"https:\/\/www.skb.tu-berlin.de\/sprachenlernen\/"},{"@type":"ListItem","position":3,"name":"Aktuelle Kurse"}]},{"@type":"WebSite","@id":"https:\/\/www.skb.tu-berlin.de\/#website","url":"https:\/\/www.skb.tu-berlin.de\/","name":"SKB","description":"Language and Culture Exchange TU Berlin","potentialAction":[{"@type":"SearchAction","target":{"@type":"EntryPoint","urlTemplate":"https:\/\/www.skb.tu-berlin.de\/?s={search_term_string}"},"query-input":{"@type":"PropertyValueSpecification","valueRequired":true,"valueName":"search_term_string"}}],"inLanguage":"en-US"}]}},"_links":{"self":[{"href":"https:\/\/www.skb.tu-berlin.de\/en\/wp-json\/wp\/v2\/pages\/875","targetHints":{"allow":["GET"]}}],"collection":[{"href":"https:\/\/www.skb.tu-berlin.de\/en\/wp-json\/wp\/v2\/pages"}],"about":[{"href":"https:\/\/www.skb.tu-berlin.de\/en\/wp-json\/wp\/v2\/types\/page"}],"author":[{"embeddable":true,"href":"https:\/\/www.skb.tu-berlin.de\/en\/wp-json\/wp\/v2\/users\/1"}],"replies":[{"embeddable":true,"href":"https:\/\/www.skb.tu-berlin.de\/en\/wp-json\/wp\/v2\/comments?post=875"}],"version-history":[{"count":81,"href":"https:\/\/www.skb.tu-berlin.de\/en\/wp-json\/wp\/v2\/pages\/875\/revisions"}],"predecessor-version":[{"id":39499,"href":"https:\/\/www.skb.tu-berlin.de\/en\/wp-json\/wp\/v2\/pages\/875\/revisions\/39499"}],"up":[{"embeddable":true,"href":"https:\/\/www.skb.tu-berlin.de\/en\/wp-json\/wp\/v2\/pages\/308"}],"wp:attachment":[{"href":"https:\/\/www.skb.tu-berlin.de\/en\/wp-json\/wp\/v2\/media?parent=875"}],"curies":[{"name":"wp","href":"https:\/\/api.w.org\/{rel}","templated":true}]}}